{"id":165,"date":"2022-02-02T10:47:22","date_gmt":"2022-02-02T09:47:22","guid":{"rendered":"https:\/\/cirqueetcampagnie.fr\/?page_id=165"},"modified":"2026-02-03T13:58:40","modified_gmt":"2026-02-03T12:58:40","slug":"contact","status":"publish","type":"page","link":"https:\/\/cirqueetcampagnie.fr\/index.php\/contact\/","title":{"rendered":"Contact"},"content":{"rendered":"\t\t<div data-elementor-type=\"wp-page\" data-elementor-id=\"165\" class=\"elementor elementor-165\">\n\t\t\t\t\t\t<section class=\"elementor-section elementor-top-section elementor-element elementor-element-17f644d elementor-section-full_width elementor-section-height-default elementor-section-height-default\" data-id=\"17f644d\" data-element_type=\"section\" data-e-type=\"section\">\n\t\t\t\t\t\t<div class=\"elementor-container elementor-column-gap-narrow\">\n\t\t\t\t\t<div class=\"elementor-column elementor-col-66 elementor-top-column elementor-element elementor-element-37297d7\" data-id=\"37297d7\" data-element_type=\"column\" data-e-type=\"column\">\n\t\t\t<div class=\"elementor-widget-wrap elementor-element-populated\">\n\t\t\t\t\t\t<div class=\"elementor-element elementor-element-1cbe91d elementor-widget__width-initial elementor-widget elementor-widget-image\" data-id=\"1cbe91d\" data-element_type=\"widget\" data-e-type=\"widget\" data-widget_type=\"image.default\">\n\t\t\t\t<div class=\"elementor-widget-container\">\n\t\t\t\t\t\t\t\t\t\t\t\t\t\t\t<img fetchpriority=\"high\" decoding=\"async\" width=\"1024\" height=\"768\" src=\"https:\/\/cirqueetcampagnie.fr\/wp-content\/uploads\/2025\/09\/juin-2012-046-1024x768.jpg\" class=\"attachment-large size-large wp-image-5547\" alt=\"\" srcset=\"https:\/\/cirqueetcampagnie.fr\/wp-content\/uploads\/2025\/09\/juin-2012-046-1024x768.jpg 1024w, https:\/\/cirqueetcampagnie.fr\/wp-content\/uploads\/2025\/09\/juin-2012-046-300x225.jpg 300w, https:\/\/cirqueetcampagnie.fr\/wp-content\/uploads\/2025\/09\/juin-2012-046-768x576.jpg 768w, https:\/\/cirqueetcampagnie.fr\/wp-content\/uploads\/2025\/09\/juin-2012-046-1536x1152.jpg 1536w, https:\/\/cirqueetcampagnie.fr\/wp-content\/uploads\/2025\/09\/juin-2012-046-2048x1536.jpg 2048w, https:\/\/cirqueetcampagnie.fr\/wp-content\/uploads\/2025\/09\/juin-2012-046-600x450.jpg 600w\" sizes=\"(max-width: 1024px) 100vw, 1024px\" \/>\t\t\t\t\t\t\t\t\t\t\t\t\t\t\t<\/div>\n\t\t\t\t<\/div>\n\t\t\t\t<div class=\"elementor-element elementor-element-328b676 elementor-widget elementor-widget-image\" data-id=\"328b676\" data-element_type=\"widget\" data-e-type=\"widget\" data-widget_type=\"image.default\">\n\t\t\t\t<div class=\"elementor-widget-container\">\n\t\t\t\t\t\t\t\t\t\t\t\t\t\t\t<img decoding=\"async\" width=\"1024\" height=\"934\" src=\"https:\/\/cirqueetcampagnie.fr\/wp-content\/uploads\/2025\/09\/Cirque-2014-1024x934.jpg\" class=\"attachment-large size-large wp-image-5544\" alt=\"\" srcset=\"https:\/\/cirqueetcampagnie.fr\/wp-content\/uploads\/2025\/09\/Cirque-2014-1024x934.jpg 1024w, https:\/\/cirqueetcampagnie.fr\/wp-content\/uploads\/2025\/09\/Cirque-2014-300x274.jpg 300w, https:\/\/cirqueetcampagnie.fr\/wp-content\/uploads\/2025\/09\/Cirque-2014-768x701.jpg 768w, https:\/\/cirqueetcampagnie.fr\/wp-content\/uploads\/2025\/09\/Cirque-2014-1536x1401.jpg 1536w, https:\/\/cirqueetcampagnie.fr\/wp-content\/uploads\/2025\/09\/Cirque-2014-2048x1868.jpg 2048w, https:\/\/cirqueetcampagnie.fr\/wp-content\/uploads\/2025\/09\/Cirque-2014-600x547.jpg 600w\" sizes=\"(max-width: 1024px) 100vw, 1024px\" \/>\t\t\t\t\t\t\t\t\t\t\t\t\t\t\t<\/div>\n\t\t\t\t<\/div>\n\t\t\t\t<div class=\"elementor-element elementor-element-3992f18 elementor-widget elementor-widget-image\" data-id=\"3992f18\" data-element_type=\"widget\" data-e-type=\"widget\" data-widget_type=\"image.default\">\n\t\t\t\t<div class=\"elementor-widget-container\">\n\t\t\t\t\t\t\t\t\t\t\t\t\t\t\t<img decoding=\"async\" width=\"1024\" height=\"768\" src=\"https:\/\/cirqueetcampagnie.fr\/wp-content\/uploads\/2025\/09\/20180602_142001-1024x768.jpg\" class=\"attachment-large size-large wp-image-5545\" alt=\"\" srcset=\"https:\/\/cirqueetcampagnie.fr\/wp-content\/uploads\/2025\/09\/20180602_142001-1024x768.jpg 1024w, https:\/\/cirqueetcampagnie.fr\/wp-content\/uploads\/2025\/09\/20180602_142001-300x225.jpg 300w, https:\/\/cirqueetcampagnie.fr\/wp-content\/uploads\/2025\/09\/20180602_142001-768x576.jpg 768w, https:\/\/cirqueetcampagnie.fr\/wp-content\/uploads\/2025\/09\/20180602_142001-1536x1152.jpg 1536w, https:\/\/cirqueetcampagnie.fr\/wp-content\/uploads\/2025\/09\/20180602_142001-2048x1536.jpg 2048w, https:\/\/cirqueetcampagnie.fr\/wp-content\/uploads\/2025\/09\/20180602_142001-600x450.jpg 600w\" sizes=\"(max-width: 1024px) 100vw, 1024px\" \/>\t\t\t\t\t\t\t\t\t\t\t\t\t\t\t<\/div>\n\t\t\t\t<\/div>\n\t\t\t\t\t<\/div>\n\t\t<\/div>\n\t\t\t\t<div class=\"elementor-column elementor-col-33 elementor-top-column elementor-element elementor-element-fe7be3b\" data-id=\"fe7be3b\" data-element_type=\"column\" data-e-type=\"column\">\n\t\t\t<div class=\"elementor-widget-wrap elementor-element-populated\">\n\t\t\t\t\t\t<div class=\"elementor-element elementor-element-b3bb077 elementor-widget__width-initial elementor-widget elementor-widget-text-editor\" data-id=\"b3bb077\" data-element_type=\"widget\" data-e-type=\"widget\" data-widget_type=\"text-editor.default\">\n\t\t\t\t<div class=\"elementor-widget-container\">\n\t\t\t\t\t\t\t\t\t<p><strong><span style=\"color: #339966;\">\u00a0 \u00a0 \u00a0 \u00a0Siege social<\/span> <\/strong><\/p><p style=\"text-align: left; padding-left: 40px;\">Biblioth\u00e8que<\/p><p style=\"text-align: left; padding-left: 40px;\">160 Rue de l&#8217;Eglise<\/p><p style=\"text-align: left; padding-left: 40px;\">32300 St M\u00e9dard<\/p><p style=\"text-align: left; padding-left: 40px;\">accueil@cirqueetccampagnie.fr \/ 07 86 67 81 29<\/p><p style=\"text-align: left; padding-left: 40px;\"><strong><span style=\"color: #339966;\">\u00a0<\/span><\/strong><\/p><p style=\"text-align: left; padding-left: 40px;\"><strong style=\"font-size: 21px;\"><span style=\"color: #339966;\">Siret<\/span><\/strong><\/p><p style=\"text-align: left; padding-left: 40px;\">\u00a0885 230 383 000 22<\/p><p style=\"text-align: left; padding-left: 40px;\"><span style=\"color: #339966;\"><strong>\u00a0<\/strong><\/span><\/p><p style=\"text-align: left; padding-left: 40px;\"><span style=\"color: #339966;\"><strong>\u00a0<\/strong><\/span><\/p><p style=\"text-align: left; padding-left: 40px;\"><span style=\"color: #339966;\"><strong>\u00a0<\/strong><\/span><\/p><p style=\"text-align: left; padding-left: 40px;\"><span style=\"color: #339966;\"><strong>\u00a0<\/strong><\/span><\/p><p style=\"text-align: left; padding-left: 40px;\"><span style=\"color: #339966;\"><strong>Accueil\u00a0\u00a0<\/strong><\/span><\/p><p style=\"text-align: left; padding-left: 40px;\">sur Rendez- Vous<\/p><p style=\"text-align: left; padding-left: 40px;\">\u00a01er \u00e9tage &#8211; 1\u00e8re porte \u00e0 droite.<\/p>\t\t\t\t\t\t\t\t<\/div>\n\t\t\t\t<\/div>\n\t\t\t\t\t<\/div>\n\t\t<\/div>\n\t\t\t\t\t<\/div>\n\t\t<\/section>\n\t\t\t\t<\/div>\n\t\t","protected":false},"excerpt":{"rendered":"<p>\u00a0 \u00a0 \u00a0 \u00a0Siege social Biblioth\u00e8que 160 Rue de l&#8217;Eglise 32300 St M\u00e9dard accueil@cirqueetccampagnie.fr \/ 07 86 67 81 29 \u00a0 Siret \u00a0885 230 383 000 22 \u00a0 \u00a0 \u00a0 \u00a0 Accueil\u00a0\u00a0 sur Rendez- Vous \u00a01er \u00e9tage &#8211; 1\u00e8re porte \u00e0 droite.<\/p>\n","protected":false},"author":1,"featured_media":0,"parent":0,"menu_order":0,"comment_status":"closed","ping_status":"closed","template":"","meta":{"ocean_post_layout":"","ocean_both_sidebars_style":"","ocean_both_sidebars_content_width":0,"ocean_both_sidebars_sidebars_width":0,"ocean_sidebar":"0","ocean_second_sidebar":"0","ocean_disable_margins":"enable","ocean_add_body_class":"","ocean_shortcode_before_top_bar":"","ocean_shortcode_after_top_bar":"","ocean_shortcode_before_header":"","ocean_shortcode_after_header":"","ocean_has_shortcode":"","ocean_shortcode_after_title":"","ocean_shortcode_before_footer_widgets":"","ocean_shortcode_after_footer_widgets":"","ocean_shortcode_before_footer_bottom":"","ocean_shortcode_after_footer_bottom":"","ocean_display_top_bar":"default","ocean_display_header":"default","ocean_header_style":"","ocean_center_header_left_menu":"0","ocean_custom_header_template":"0","ocean_custom_logo":0,"ocean_custom_retina_logo":0,"ocean_custom_logo_max_width":0,"ocean_custom_logo_tablet_max_width":0,"ocean_custom_logo_mobile_max_width":0,"ocean_custom_logo_max_height":0,"ocean_custom_logo_tablet_max_height":0,"ocean_custom_logo_mobile_max_height":0,"ocean_header_custom_menu":"0","ocean_menu_typo_font_family":"0","ocean_menu_typo_font_subset":"","ocean_menu_typo_font_size":0,"ocean_menu_typo_font_size_tablet":0,"ocean_menu_typo_font_size_mobile":0,"ocean_menu_typo_font_size_unit":"px","ocean_menu_typo_font_weight":"","ocean_menu_typo_font_weight_tablet":"","ocean_menu_typo_font_weight_mobile":"","ocean_menu_typo_transform":"","ocean_menu_typo_transform_tablet":"","ocean_menu_typo_transform_mobile":"","ocean_menu_typo_line_height":0,"ocean_menu_typo_line_height_tablet":0,"ocean_menu_typo_line_height_mobile":0,"ocean_menu_typo_line_height_unit":"","ocean_menu_typo_spacing":0,"ocean_menu_typo_spacing_tablet":0,"ocean_menu_typo_spacing_mobile":0,"ocean_menu_typo_spacing_unit":"","ocean_menu_link_color":"","ocean_menu_link_color_hover":"","ocean_menu_link_color_active":"","ocean_menu_link_background":"","ocean_menu_link_hover_background":"","ocean_menu_link_active_background":"","ocean_menu_social_links_bg":"","ocean_menu_social_hover_links_bg":"","ocean_menu_social_links_color":"","ocean_menu_social_hover_links_color":"","ocean_disable_title":"default","ocean_disable_heading":"default","ocean_post_title":"","ocean_post_subheading":"","ocean_post_title_style":"","ocean_post_title_background_color":"","ocean_post_title_background":0,"ocean_post_title_bg_image_position":"","ocean_post_title_bg_image_attachment":"","ocean_post_title_bg_image_repeat":"","ocean_post_title_bg_image_size":"","ocean_post_title_height":0,"ocean_post_title_bg_overlay":0.5,"ocean_post_title_bg_overlay_color":"","ocean_disable_breadcrumbs":"default","ocean_breadcrumbs_color":"","ocean_breadcrumbs_separator_color":"","ocean_breadcrumbs_links_color":"","ocean_breadcrumbs_links_hover_color":"","ocean_display_footer_widgets":"default","ocean_display_footer_bottom":"default","ocean_custom_footer_template":"0","_mc_calendar":[],"footnotes":""},"class_list":["post-165","page","type-page","status-publish","hentry","entry","owp-thumbs-layout-horizontal","owp-btn-normal","owp-tabs-layout-horizontal","has-no-thumbnails","has-product-nav"],"_links":{"self":[{"href":"https:\/\/cirqueetcampagnie.fr\/index.php\/wp-json\/wp\/v2\/pages\/165","targetHints":{"allow":["GET"]}}],"collection":[{"href":"https:\/\/cirqueetcampagnie.fr\/index.php\/wp-json\/wp\/v2\/pages"}],"about":[{"href":"https:\/\/cirqueetcampagnie.fr\/index.php\/wp-json\/wp\/v2\/types\/page"}],"author":[{"embeddable":true,"href":"https:\/\/cirqueetcampagnie.fr\/index.php\/wp-json\/wp\/v2\/users\/1"}],"replies":[{"embeddable":true,"href":"https:\/\/cirqueetcampagnie.fr\/index.php\/wp-json\/wp\/v2\/comments?post=165"}],"version-history":[{"count":80,"href":"https:\/\/cirqueetcampagnie.fr\/index.php\/wp-json\/wp\/v2\/pages\/165\/revisions"}],"predecessor-version":[{"id":5791,"href":"https:\/\/cirqueetcampagnie.fr\/index.php\/wp-json\/wp\/v2\/pages\/165\/revisions\/5791"}],"wp:attachment":[{"href":"https:\/\/cirqueetcampagnie.fr\/index.php\/wp-json\/wp\/v2\/media?parent=165"}],"curies":[{"name":"wp","href":"https:\/\/api.w.org\/{rel}","templated":true}]}}