{"id":2469,"date":"2023-01-25T15:12:27","date_gmt":"2023-01-25T14:12:27","guid":{"rendered":"https:\/\/cirqueetcampagnie.fr\/?page_id=2469"},"modified":"2025-07-17T07:46:34","modified_gmt":"2025-07-17T05:46:34","slug":"60-ans-et","status":"publish","type":"page","link":"https:\/\/cirqueetcampagnie.fr\/index.php\/60-ans-et\/","title":{"rendered":"60 ans et +"},"content":{"rendered":"\t\t<div data-elementor-type=\"wp-page\" data-elementor-id=\"2469\" class=\"elementor elementor-2469\">\n\t\t\t\t\t\t<section class=\"elementor-section elementor-top-section elementor-element elementor-element-279b16a elementor-section-boxed elementor-section-height-default elementor-section-height-default\" data-id=\"279b16a\" data-element_type=\"section\" data-e-type=\"section\">\n\t\t\t\t\t\t<div class=\"elementor-container elementor-column-gap-default\">\n\t\t\t\t\t<div class=\"elementor-column elementor-col-66 elementor-top-column elementor-element elementor-element-43a9b51\" data-id=\"43a9b51\" data-element_type=\"column\" data-e-type=\"column\">\n\t\t\t<div class=\"elementor-widget-wrap elementor-element-populated\">\n\t\t\t\t\t\t<div class=\"elementor-element elementor-element-b2d538f elementor-widget elementor-widget-image\" data-id=\"b2d538f\" data-element_type=\"widget\" data-e-type=\"widget\" data-widget_type=\"image.default\">\n\t\t\t\t<div class=\"elementor-widget-container\">\n\t\t\t\t\t\t\t\t\t\t\t\t\t\t\t<img fetchpriority=\"high\" decoding=\"async\" width=\"728\" height=\"1024\" src=\"https:\/\/cirqueetcampagnie.fr\/wp-content\/uploads\/2025\/06\/2025-2026-1-728x1024.png\" class=\"attachment-large size-large wp-image-5058\" alt=\"\" srcset=\"https:\/\/cirqueetcampagnie.fr\/wp-content\/uploads\/2025\/06\/2025-2026-1-728x1024.png 728w, https:\/\/cirqueetcampagnie.fr\/wp-content\/uploads\/2025\/06\/2025-2026-1-213x300.png 213w, https:\/\/cirqueetcampagnie.fr\/wp-content\/uploads\/2025\/06\/2025-2026-1-768x1080.png 768w, https:\/\/cirqueetcampagnie.fr\/wp-content\/uploads\/2025\/06\/2025-2026-1-1092x1536.png 1092w, https:\/\/cirqueetcampagnie.fr\/wp-content\/uploads\/2025\/06\/2025-2026-1-600x844.png 600w, https:\/\/cirqueetcampagnie.fr\/wp-content\/uploads\/2025\/06\/2025-2026-1.png 1422w\" sizes=\"(max-width: 728px) 100vw, 728px\" \/>\t\t\t\t\t\t\t\t\t\t\t\t\t\t\t<\/div>\n\t\t\t\t<\/div>\n\t\t\t\t\t<\/div>\n\t\t<\/div>\n\t\t\t\t<div class=\"elementor-column elementor-col-33 elementor-top-column elementor-element elementor-element-b57915d\" data-id=\"b57915d\" data-element_type=\"column\" data-e-type=\"column\">\n\t\t\t<div class=\"elementor-widget-wrap elementor-element-populated\">\n\t\t\t\t\t\t<div class=\"elementor-element elementor-element-acc5b78 elementor-widget elementor-widget-text-editor\" data-id=\"acc5b78\" data-element_type=\"widget\" data-e-type=\"widget\" data-widget_type=\"text-editor.default\">\n\t\t\t\t<div class=\"elementor-widget-container\">\n\t\t\t\t\t\t\t\t\t<p align=\"LEFT\"><b>Objectif\u00a0<\/b><\/p><p align=\"LEFT\">Permettre \u00e0 chacun de se d\u00e9couvrir \u00e0 travers les Arts du Cirque, \u00e9veiller et stimuler le corps, l\u2019esprit et la cr\u00e9ativit\u00e9, en entretenant son potentiel.<\/p><p align=\"LEFT\">Pour en savoir plus, <strong><a href=\"https:\/\/drive.google.com\/file\/d\/1q2CvpRcLy7_j-2yJHhVGgbQPPCLBsopw\/view?usp=share_link\" target=\"_blank\" rel=\"noopener\">CLIQUEZ ICI<\/a><\/strong><\/p><p align=\"LEFT\">Lien vers <a href=\"https:\/\/cirqueetcampagnie.fr\/index.php\/activites\/ateliers-hebdomadaires\/dates-seances\/\">Dates s\u00e9ances<\/a> \u00a0<\/p><p align=\"LEFT\">Tenue : souple<\/p>\t\t\t\t\t\t\t\t<\/div>\n\t\t\t\t<\/div>\n\t\t\t\t<div class=\"elementor-element elementor-element-3d3af16 elementor-widget__width-initial elementor-widget elementor-widget-text-editor\" data-id=\"3d3af16\" data-element_type=\"widget\" data-e-type=\"widget\" data-widget_type=\"text-editor.default\">\n\t\t\t\t<div class=\"elementor-widget-container\">\n\t\t\t\t\t\t\t\t\t<p><strong><span style=\"font-size: 15px;\">Ateliers Gratuits pour les 60 ans et + jusqu&#8217;\u00e0 fin d\u00e9cembre 2025 car pris en charge par la conf\u00e9rence des financeurs<\/span><\/strong><\/p>\n<p><a style=\"font-size: 15px; background-color: #ffffff;\" href=\"https:\/\/cirqueetcampagnie.fr\/index.php\/activites\/inscriptionetpaiementcb\/\" target=\"_blank\" rel=\"noopener\">inscription en cliquant ICI<\/a><\/p>\n<p><b>Questionnaire de sant\u00e9<\/b><\/p>\n<p>\u00e0 votre disposition <a href=\"https:\/\/cirqueetcampagnie.fr\/index.php\/questionnaire-sante-st-medard\/\" target=\"_blank\" rel=\"noopener\">en cliquant sur ce lien<\/a>&nbsp;<\/p>\n<p>Les r\u00e9ponses sont partag\u00e9es avec Marion Gourier &nbsp;kin\u00e9sith\u00e9rapeute qui intervient ponctuellement<\/p>\n<p align=\"LEFT\">\n<\/p>\t\t\t\t\t\t\t\t<\/div>\n\t\t\t\t<\/div>\n\t\t\t\t\t<\/div>\n\t\t<\/div>\n\t\t\t\t\t<\/div>\n\t\t<\/section>\n\t\t\t\t<section class=\"elementor-section elementor-top-section elementor-element elementor-element-7ebb0fe elementor-section-boxed elementor-section-height-default elementor-section-height-default\" data-id=\"7ebb0fe\" data-element_type=\"section\" data-e-type=\"section\">\n\t\t\t\t\t\t<div class=\"elementor-container elementor-column-gap-default\">\n\t\t\t\t\t<div class=\"elementor-column elementor-col-100 elementor-top-column elementor-element elementor-element-acd6419\" data-id=\"acd6419\" data-element_type=\"column\" data-e-type=\"column\">\n\t\t\t<div class=\"elementor-widget-wrap elementor-element-populated\">\n\t\t\t\t\t\t<div class=\"elementor-element elementor-element-81eabe7 elementor-widget elementor-widget-text-editor\" data-id=\"81eabe7\" data-element_type=\"widget\" data-e-type=\"widget\" data-widget_type=\"text-editor.default\">\n\t\t\t\t<div class=\"elementor-widget-container\">\n\t\t\t\t\t\t\t\t\t<p><strong>Retrouvez en images les t\u00e9moignages\u00a0<\/strong><\/p><p><strong>des participants de la Saison 2023<\/strong><\/p>\t\t\t\t\t\t\t\t<\/div>\n\t\t\t\t<\/div>\n\t\t\t\t<div class=\"elementor-element elementor-element-b11d1cf elementor-widget elementor-widget-shortcode\" data-id=\"b11d1cf\" data-element_type=\"widget\" data-e-type=\"widget\" data-widget_type=\"shortcode.default\">\n\t\t\t\t<div class=\"elementor-widget-container\">\n\t\t\t\t\t\t\t<div class=\"elementor-shortcode\"><iframe width=\"866\" height=\"487\" src=\"https:\/\/www.youtube.com\/embed\/JFrRbWZKrZ8\" title=\"Atelier Bien \u00eatre St M\u00e9dard 12 2023\" frameborder=\"0\" allow=\"accelerometer; autoplay; clipboard-write; encrypted-media; gyroscope; picture-in-picture; web-share\" allowfullscreen><\/iframe><\/div>\n\t\t\t\t\t\t<\/div>\n\t\t\t\t<\/div>\n\t\t\t\t\t<\/div>\n\t\t<\/div>\n\t\t\t\t\t<\/div>\n\t\t<\/section>\n\t\t\t\t<\/div>\n\t\t","protected":false},"excerpt":{"rendered":"<p>Objectif\u00a0 Permettre \u00e0 chacun de se d\u00e9couvrir \u00e0 travers les Arts du Cirque, \u00e9veiller et stimuler le corps, l\u2019esprit et la cr\u00e9ativit\u00e9, en entretenant son potentiel. Pour en savoir plus, CLIQUEZ ICI Lien vers Dates s\u00e9ances \u00a0 Tenue : souple Ateliers Gratuits pour les 60 ans et + jusqu&#8217;\u00e0 fin d\u00e9cembre 2025 car pris en [&hellip;]<\/p>\n","protected":false},"author":1,"featured_media":0,"parent":0,"menu_order":0,"comment_status":"closed","ping_status":"closed","template":"","meta":{"ocean_post_layout":"","ocean_both_sidebars_style":"","ocean_both_sidebars_content_width":0,"ocean_both_sidebars_sidebars_width":0,"ocean_sidebar":"0","ocean_second_sidebar":"0","ocean_disable_margins":"enable","ocean_add_body_class":"","ocean_shortcode_before_top_bar":"","ocean_shortcode_after_top_bar":"","ocean_shortcode_before_header":"","ocean_shortcode_after_header":"","ocean_has_shortcode":"","ocean_shortcode_after_title":"","ocean_shortcode_before_footer_widgets":"","ocean_shortcode_after_footer_widgets":"","ocean_shortcode_before_footer_bottom":"","ocean_shortcode_after_footer_bottom":"","ocean_display_top_bar":"default","ocean_display_header":"default","ocean_header_style":"","ocean_center_header_left_menu":"0","ocean_custom_header_template":"0","ocean_custom_logo":0,"ocean_custom_retina_logo":0,"ocean_custom_logo_max_width":0,"ocean_custom_logo_tablet_max_width":0,"ocean_custom_logo_mobile_max_width":0,"ocean_custom_logo_max_height":0,"ocean_custom_logo_tablet_max_height":0,"ocean_custom_logo_mobile_max_height":0,"ocean_header_custom_menu":"0","ocean_menu_typo_font_family":"0","ocean_menu_typo_font_subset":"","ocean_menu_typo_font_size":0,"ocean_menu_typo_font_size_tablet":0,"ocean_menu_typo_font_size_mobile":0,"ocean_menu_typo_font_size_unit":"px","ocean_menu_typo_font_weight":"","ocean_menu_typo_font_weight_tablet":"","ocean_menu_typo_font_weight_mobile":"","ocean_menu_typo_transform":"","ocean_menu_typo_transform_tablet":"","ocean_menu_typo_transform_mobile":"","ocean_menu_typo_line_height":0,"ocean_menu_typo_line_height_tablet":0,"ocean_menu_typo_line_height_mobile":0,"ocean_menu_typo_line_height_unit":"","ocean_menu_typo_spacing":0,"ocean_menu_typo_spacing_tablet":0,"ocean_menu_typo_spacing_mobile":0,"ocean_menu_typo_spacing_unit":"","ocean_menu_link_color":"","ocean_menu_link_color_hover":"","ocean_menu_link_color_active":"","ocean_menu_link_background":"","ocean_menu_link_hover_background":"","ocean_menu_link_active_background":"","ocean_menu_social_links_bg":"","ocean_menu_social_hover_links_bg":"","ocean_menu_social_links_color":"","ocean_menu_social_hover_links_color":"","ocean_disable_title":"default","ocean_disable_heading":"default","ocean_post_title":"","ocean_post_subheading":"","ocean_post_title_style":"","ocean_post_title_background_color":"","ocean_post_title_background":0,"ocean_post_title_bg_image_position":"","ocean_post_title_bg_image_attachment":"","ocean_post_title_bg_image_repeat":"","ocean_post_title_bg_image_size":"","ocean_post_title_height":0,"ocean_post_title_bg_overlay":0.5,"ocean_post_title_bg_overlay_color":"","ocean_disable_breadcrumbs":"default","ocean_breadcrumbs_color":"","ocean_breadcrumbs_separator_color":"","ocean_breadcrumbs_links_color":"","ocean_breadcrumbs_links_hover_color":"","ocean_display_footer_widgets":"default","ocean_display_footer_bottom":"default","ocean_custom_footer_template":"0","_mc_calendar":[],"footnotes":""},"class_list":["post-2469","page","type-page","status-publish","hentry","entry","owp-thumbs-layout-horizontal","owp-btn-normal","owp-tabs-layout-horizontal","has-no-thumbnails","has-product-nav"],"_links":{"self":[{"href":"https:\/\/cirqueetcampagnie.fr\/index.php\/wp-json\/wp\/v2\/pages\/2469","targetHints":{"allow":["GET"]}}],"collection":[{"href":"https:\/\/cirqueetcampagnie.fr\/index.php\/wp-json\/wp\/v2\/pages"}],"about":[{"href":"https:\/\/cirqueetcampagnie.fr\/index.php\/wp-json\/wp\/v2\/types\/page"}],"author":[{"embeddable":true,"href":"https:\/\/cirqueetcampagnie.fr\/index.php\/wp-json\/wp\/v2\/users\/1"}],"replies":[{"embeddable":true,"href":"https:\/\/cirqueetcampagnie.fr\/index.php\/wp-json\/wp\/v2\/comments?post=2469"}],"version-history":[{"count":172,"href":"https:\/\/cirqueetcampagnie.fr\/index.php\/wp-json\/wp\/v2\/pages\/2469\/revisions"}],"predecessor-version":[{"id":5158,"href":"https:\/\/cirqueetcampagnie.fr\/index.php\/wp-json\/wp\/v2\/pages\/2469\/revisions\/5158"}],"wp:attachment":[{"href":"https:\/\/cirqueetcampagnie.fr\/index.php\/wp-json\/wp\/v2\/media?parent=2469"}],"curies":[{"name":"wp","href":"https:\/\/api.w.org\/{rel}","templated":true}]}}