{"id":3149,"date":"2023-12-18T07:57:36","date_gmt":"2023-12-18T06:57:36","guid":{"rendered":"https:\/\/cirqueetcampagnie.fr\/?page_id=3149"},"modified":"2025-09-08T18:03:09","modified_gmt":"2025-09-08T16:03:09","slug":"atelier-ados-adultes","status":"publish","type":"page","link":"https:\/\/cirqueetcampagnie.fr\/index.php\/atelier-ados-adultes\/","title":{"rendered":"Atelier Ados\/Adultes"},"content":{"rendered":"\t\t<div data-elementor-type=\"wp-page\" data-elementor-id=\"3149\" class=\"elementor elementor-3149\">\n\t\t\t\t\t\t<section class=\"elementor-section elementor-top-section elementor-element elementor-element-731221d elementor-section-boxed elementor-section-height-default elementor-section-height-default\" data-id=\"731221d\" data-element_type=\"section\" data-e-type=\"section\">\n\t\t\t\t\t\t<div class=\"elementor-container elementor-column-gap-default\">\n\t\t\t\t\t<div class=\"elementor-column elementor-col-50 elementor-top-column elementor-element elementor-element-60873a7\" data-id=\"60873a7\" data-element_type=\"column\" data-e-type=\"column\">\n\t\t\t<div class=\"elementor-widget-wrap elementor-element-populated\">\n\t\t\t\t\t\t<div class=\"elementor-element elementor-element-b98ab6e elementor-widget__width-initial elementor-widget elementor-widget-image\" data-id=\"b98ab6e\" data-element_type=\"widget\" data-e-type=\"widget\" data-widget_type=\"image.default\">\n\t\t\t\t<div class=\"elementor-widget-container\">\n\t\t\t\t\t\t\t\t\t\t\t\t\t\t\t<img fetchpriority=\"high\" decoding=\"async\" width=\"1024\" height=\"1024\" src=\"https:\/\/cirqueetcampagnie.fr\/wp-content\/uploads\/2025\/07\/AD-2025-2026-site-1024x1024.png\" class=\"attachment-large size-large wp-image-5122\" alt=\"\" srcset=\"https:\/\/cirqueetcampagnie.fr\/wp-content\/uploads\/2025\/07\/AD-2025-2026-site-1024x1024.png 1024w, https:\/\/cirqueetcampagnie.fr\/wp-content\/uploads\/2025\/07\/AD-2025-2026-site-300x300.png 300w, https:\/\/cirqueetcampagnie.fr\/wp-content\/uploads\/2025\/07\/AD-2025-2026-site-150x150.png 150w, https:\/\/cirqueetcampagnie.fr\/wp-content\/uploads\/2025\/07\/AD-2025-2026-site-768x768.png 768w, https:\/\/cirqueetcampagnie.fr\/wp-content\/uploads\/2025\/07\/AD-2025-2026-site-600x600.png 600w, https:\/\/cirqueetcampagnie.fr\/wp-content\/uploads\/2025\/07\/AD-2025-2026-site-100x100.png 100w, https:\/\/cirqueetcampagnie.fr\/wp-content\/uploads\/2025\/07\/AD-2025-2026-site.png 1080w\" sizes=\"(max-width: 1024px) 100vw, 1024px\" \/>\t\t\t\t\t\t\t\t\t\t\t\t\t\t\t<\/div>\n\t\t\t\t<\/div>\n\t\t\t\t\t<\/div>\n\t\t<\/div>\n\t\t\t\t<div class=\"elementor-column elementor-col-50 elementor-top-column elementor-element elementor-element-dac24b3\" data-id=\"dac24b3\" data-element_type=\"column\" data-e-type=\"column\">\n\t\t\t<div class=\"elementor-widget-wrap elementor-element-populated\">\n\t\t\t\t\t\t<div class=\"elementor-element elementor-element-2c609bc elementor-widget__width-initial elementor-widget elementor-widget-text-editor\" data-id=\"2c609bc\" data-element_type=\"widget\" data-e-type=\"widget\" data-widget_type=\"text-editor.default\">\n\t\t\t\t<div class=\"elementor-widget-container\">\n\t\t\t\t\t\t\t\t\t<p><span style=\"font-size: 14px; font-weight: 400;\">Atelier hebdomadaire qui consiste \u00e0 cr\u00e9er une troupe au sein de laquelle chacun participera \u00e0 l\u2019\u00e9laboration d\u2019un projet artistique commun allant de l\u2019organisation , \u00e0 l\u2019orientation de l\u2019activit\u00e9 et la cr\u00e9ation de spectacles afin de promouvoir les Arts du Cirque.<\/span><\/p><p><span style=\"font-size: 14px; font-weight: 400;\">Il s&#8217;agit\u00a0<\/span><span style=\"font-size: 14px; font-weight: 400;\">de mobiliser la capacit\u00e9 de chacun \u00e0 composer avec les autres,\u00a0 de <\/span><span style=\"font-weight: 400;\">favoriser la solidarit\u00e9, l&#8217;entraide, la tol\u00e9rance, la diversit\u00e9, l\u2019\u00e9coute, la coh\u00e9sion de groupe.<\/span><\/p><p><span style=\"font-weight: 400;\">D\u00e9tails plus bas<\/span><\/p>\t\t\t\t\t\t\t\t<\/div>\n\t\t\t\t<\/div>\n\t\t\t\t<div class=\"elementor-element elementor-element-20d842f elementor-widget__width-initial elementor-widget elementor-widget-text-editor\" data-id=\"20d842f\" data-element_type=\"widget\" data-e-type=\"widget\" data-widget_type=\"text-editor.default\">\n\t\t\t\t<div class=\"elementor-widget-container\">\n\t\t\t\t\t\t\t\t\t<p>Adh\u00e9sion et licence obligatoires<\/p>\n<p>*Atelier gratuit&nbsp; accessible&nbsp;<\/p>\n<ul>\n<li>aux d\u00e9butants comme aux confirm\u00e9s de plus de 13 ans<\/li>\n<li>\u00e0 toute personne qui s&#8217;engage \u00e0 participer \u00e0 au moins 5 repr\u00e9sentations <span style=\"font-size: 14px;\">&nbsp;sur la saison.&nbsp;<\/span><\/li>\n<\/ul>\n<p><span style=\"font-size: 14px;\">Une charte d&#8217;engagement sera mise \u00e0 disposition de chaque participant<\/span><\/p>\n<p><span style=\"font-size: 14px;\">&nbsp;Atelier est payant pour celles et ceux qui ne souhaitent pas s&#8217;engager \u00e0 participer aux repr\u00e9sentations<\/span><\/p>\t\t\t\t\t\t\t\t<\/div>\n\t\t\t\t<\/div>\n\t\t\t\t\t<\/div>\n\t\t<\/div>\n\t\t\t\t\t<\/div>\n\t\t<\/section>\n\t\t\t\t<section class=\"elementor-section elementor-top-section elementor-element elementor-element-f8e57dc elementor-section-boxed elementor-section-height-default elementor-section-height-default\" data-id=\"f8e57dc\" data-element_type=\"section\" data-e-type=\"section\">\n\t\t\t\t\t\t<div class=\"elementor-container elementor-column-gap-default\">\n\t\t\t\t\t<div class=\"elementor-column elementor-col-100 elementor-top-column elementor-element elementor-element-cf5da92\" data-id=\"cf5da92\" data-element_type=\"column\" data-e-type=\"column\">\n\t\t\t<div class=\"elementor-widget-wrap elementor-element-populated\">\n\t\t\t\t\t\t<div class=\"elementor-element elementor-element-f4ca0ef elementor-widget__width-initial elementor-widget elementor-widget-text-editor\" data-id=\"f4ca0ef\" data-element_type=\"widget\" data-e-type=\"widget\" data-widget_type=\"text-editor.default\">\n\t\t\t\t<div class=\"elementor-widget-container\">\n\t\t\t\t\t\t\t\t\t<p><span style=\"font-weight: 400;\">Objectifs du projet&nbsp; \u201cCirque en sc\u00e8ne\u201d&nbsp;<\/span><\/p>\n<p><strong>1. Favoriser l\u2019engagement sur le long terme<\/strong>a&nbsp;<\/p>\n<p>&nbsp; a &#8211; Instaurer une dynamique de pratique r\u00e9guli\u00e8re et soutenue pour permettre aux participants de progresser et de s\u2019approprier leur pratique artistique.&nbsp;<\/p>\n<p><span style=\"font-weight: 400;\">&nbsp; b &#8211; Cr\u00e9er un environnement motivant o\u00f9 chacun se sent investi dans un projet collectif et individuel.<\/span><\/p>\n<p><strong><span style=\"font-size: 14px;\">2. D\u00e9velopper la ma\u00eetrise des disciplines circassiennes et artistiques&nbsp;<\/span><\/strong><\/p>\n<p><span style=\"font-weight: 400;\">&nbsp;&nbsp;a &#8211; Accompagner les participants dans l\u2019acquisition et le perfectionnement de techniques de base et avanc\u00e9es en jonglage, \u00e9quilibre, acrobatie, jeu d\u2019acteur, etc.&nbsp;<\/span><\/p>\n<p><span style=\"font-weight: 400;\">&nbsp; b &#8211; Encourager l\u2019exp\u00e9rimentation, l&#8217;improvisation et l\u2019innovation dans les pratiques.<\/span><\/p>\n<p><strong>3. Stimuler la cr\u00e9ativit\u00e9 et la composition artistique&nbsp;<\/strong><\/p>\n<p><span style=\"font-weight: 400;\">&nbsp;&nbsp;a &#8211; Encourager l\u2019\u00e9criture, la mise en sc\u00e8ne, l\u2019improvisation et la cr\u00e9ation de num\u00e9ros originaux ou de s\u00e9quences.&nbsp;<\/span><\/p>\n<p><span style=\"font-weight: 400;\">&nbsp;&nbsp;b &#8211; Favoriser la r\u00e9flexion artistique et la recherche personnelle dans le cadre d\u2019un processus de cr\u00e9ation collective.<\/span><\/p>\n<p><strong>4. Pr\u00e9parer et partager devant un public&nbsp;<\/strong><\/p>\n<p><span style=\"font-weight: 400;\">&nbsp;&nbsp;&nbsp;a &#8211; Organiser et programmer des moments de repr\u00e9sentation pour d\u00e9velopper la confiance en soi, la pr\u00e9sence sc\u00e9nique et la capacit\u00e9&nbsp; &nbsp; &nbsp;\u00e0 jouer devant un auditoire.&nbsp;<\/span><\/p>\n<p><span style=\"font-weight: 400;\">&nbsp;&nbsp;&nbsp;b &#8211; Promouvoir l\u2019\u00e9change avec le public, valoriser le travail des participants, et renforcer leur sentiment d\u2019accomplissement.<\/span><\/p>\n<p><strong>5. Cr\u00e9er une dynamique communautaire et d\u2019\u00e9change<\/strong><\/p>\n<p><span style=\"font-weight: 400;\">&nbsp; &nbsp;a &#8211; Favoriser la coop\u00e9ration, la solidarit\u00e9 et le respect mutuel entre les participants.&nbsp;<\/span><\/p>\n<p><span style=\"font-weight: 400;\">&nbsp;&nbsp;&nbsp;b &#8211; Mettre en place des espaces d\u2019\u00e9coute et de partage d\u2019exp\u00e9riences pour enrichir la d\u00e9marche artistique.<\/span><\/p>\n<p><strong>6. Promouvoir l\u2019expression individuelle et collective&nbsp;<\/strong><\/p>\n<p><span style=\"font-weight: 400;\">&nbsp;&nbsp;&nbsp;a &#8211; Permettre \u00e0 chaque participant d\u2019explorer sa propre identit\u00e9 artistique tout en contribuant \u00e0 un projet commun.&nbsp;<\/span><\/p>\n<p><span style=\"font-weight: 400;\">&nbsp;&nbsp;&nbsp;b &#8211; Valoriser la diversit\u00e9 des comp\u00e9tences et d&#8217;exp\u00e9rience.<\/span><\/p>\n<p><strong>7. Inciter \u00e0 une d\u00e9marche de r\u00e9flexion et d\u2019\u00e9valuation continue&nbsp;<\/strong><\/p>\n<p><span style=\"font-weight: 400;\">&nbsp;&nbsp;&nbsp;a &#8211; Favoriser l\u2019auto-\u00e9valuation et le regard critique pour faire \u00e9voluer la pratique.&nbsp;<\/span><\/p>\n<p><span style=\"font-weight: 400;\">&nbsp; &nbsp;b&nbsp; &#8211; Encourager l\u2019exp\u00e9rimentation, la prise de risques et l\u2019apprentissage par l\u2019erreur<\/span><\/p>\t\t\t\t\t\t\t\t<\/div>\n\t\t\t\t<\/div>\n\t\t\t\t\t<\/div>\n\t\t<\/div>\n\t\t\t\t\t<\/div>\n\t\t<\/section>\n\t\t\t\t<\/div>\n\t\t","protected":false},"excerpt":{"rendered":"<p>Atelier hebdomadaire qui consiste \u00e0 cr\u00e9er une troupe au sein de laquelle chacun participera \u00e0 l\u2019\u00e9laboration d\u2019un projet artistique commun allant de l\u2019organisation , \u00e0 l\u2019orientation de l\u2019activit\u00e9 et la cr\u00e9ation de spectacles afin de promouvoir les Arts du Cirque. Il s&#8217;agit\u00a0de mobiliser la capacit\u00e9 de chacun \u00e0 composer avec les autres,\u00a0 de favoriser la [&hellip;]<\/p>\n","protected":false},"author":1,"featured_media":0,"parent":0,"menu_order":0,"comment_status":"closed","ping_status":"closed","template":"","meta":{"ocean_post_layout":"","ocean_both_sidebars_style":"","ocean_both_sidebars_content_width":0,"ocean_both_sidebars_sidebars_width":0,"ocean_sidebar":"","ocean_second_sidebar":"","ocean_disable_margins":"enable","ocean_add_body_class":"","ocean_shortcode_before_top_bar":"","ocean_shortcode_after_top_bar":"","ocean_shortcode_before_header":"","ocean_shortcode_after_header":"","ocean_has_shortcode":"","ocean_shortcode_after_title":"","ocean_shortcode_before_footer_widgets":"","ocean_shortcode_after_footer_widgets":"","ocean_shortcode_before_footer_bottom":"","ocean_shortcode_after_footer_bottom":"","ocean_display_top_bar":"default","ocean_display_header":"default","ocean_header_style":"","ocean_center_header_left_menu":"","ocean_custom_header_template":"","ocean_custom_logo":0,"ocean_custom_retina_logo":0,"ocean_custom_logo_max_width":0,"ocean_custom_logo_tablet_max_width":0,"ocean_custom_logo_mobile_max_width":0,"ocean_custom_logo_max_height":0,"ocean_custom_logo_tablet_max_height":0,"ocean_custom_logo_mobile_max_height":0,"ocean_header_custom_menu":"","ocean_menu_typo_font_family":"","ocean_menu_typo_font_subset":"","ocean_menu_typo_font_size":0,"ocean_menu_typo_font_size_tablet":0,"ocean_menu_typo_font_size_mobile":0,"ocean_menu_typo_font_size_unit":"px","ocean_menu_typo_font_weight":"","ocean_menu_typo_font_weight_tablet":"","ocean_menu_typo_font_weight_mobile":"","ocean_menu_typo_transform":"","ocean_menu_typo_transform_tablet":"","ocean_menu_typo_transform_mobile":"","ocean_menu_typo_line_height":0,"ocean_menu_typo_line_height_tablet":0,"ocean_menu_typo_line_height_mobile":0,"ocean_menu_typo_line_height_unit":"","ocean_menu_typo_spacing":0,"ocean_menu_typo_spacing_tablet":0,"ocean_menu_typo_spacing_mobile":0,"ocean_menu_typo_spacing_unit":"","ocean_menu_link_color":"","ocean_menu_link_color_hover":"","ocean_menu_link_color_active":"","ocean_menu_link_background":"","ocean_menu_link_hover_background":"","ocean_menu_link_active_background":"","ocean_menu_social_links_bg":"","ocean_menu_social_hover_links_bg":"","ocean_menu_social_links_color":"","ocean_menu_social_hover_links_color":"","ocean_disable_title":"default","ocean_disable_heading":"default","ocean_post_title":"","ocean_post_subheading":"","ocean_post_title_style":"","ocean_post_title_background_color":"","ocean_post_title_background":0,"ocean_post_title_bg_image_position":"","ocean_post_title_bg_image_attachment":"","ocean_post_title_bg_image_repeat":"","ocean_post_title_bg_image_size":"","ocean_post_title_height":0,"ocean_post_title_bg_overlay":0.5,"ocean_post_title_bg_overlay_color":"","ocean_disable_breadcrumbs":"default","ocean_breadcrumbs_color":"","ocean_breadcrumbs_separator_color":"","ocean_breadcrumbs_links_color":"","ocean_breadcrumbs_links_hover_color":"","ocean_display_footer_widgets":"default","ocean_display_footer_bottom":"default","ocean_custom_footer_template":"","_mc_calendar":[],"footnotes":""},"class_list":["post-3149","page","type-page","status-publish","hentry","entry","owp-thumbs-layout-horizontal","owp-btn-normal","owp-tabs-layout-horizontal","has-no-thumbnails","has-product-nav"],"_links":{"self":[{"href":"https:\/\/cirqueetcampagnie.fr\/index.php\/wp-json\/wp\/v2\/pages\/3149","targetHints":{"allow":["GET"]}}],"collection":[{"href":"https:\/\/cirqueetcampagnie.fr\/index.php\/wp-json\/wp\/v2\/pages"}],"about":[{"href":"https:\/\/cirqueetcampagnie.fr\/index.php\/wp-json\/wp\/v2\/types\/page"}],"author":[{"embeddable":true,"href":"https:\/\/cirqueetcampagnie.fr\/index.php\/wp-json\/wp\/v2\/users\/1"}],"replies":[{"embeddable":true,"href":"https:\/\/cirqueetcampagnie.fr\/index.php\/wp-json\/wp\/v2\/comments?post=3149"}],"version-history":[{"count":100,"href":"https:\/\/cirqueetcampagnie.fr\/index.php\/wp-json\/wp\/v2\/pages\/3149\/revisions"}],"predecessor-version":[{"id":5465,"href":"https:\/\/cirqueetcampagnie.fr\/index.php\/wp-json\/wp\/v2\/pages\/3149\/revisions\/5465"}],"wp:attachment":[{"href":"https:\/\/cirqueetcampagnie.fr\/index.php\/wp-json\/wp\/v2\/media?parent=3149"}],"curies":[{"name":"wp","href":"https:\/\/api.w.org\/{rel}","templated":true}]}}