{"id":3236,"date":"2023-12-19T09:49:02","date_gmt":"2023-12-19T08:49:02","guid":{"rendered":"https:\/\/cirqueetcampagnie.fr\/?page_id=3236"},"modified":"2024-04-29T18:18:06","modified_gmt":"2024-04-29T16:18:06","slug":"adda-projet-arts-culture-2024","status":"publish","type":"page","link":"https:\/\/cirqueetcampagnie.fr\/index.php\/adda-projet-arts-culture-2024\/","title":{"rendered":"ADDA &#8211; Projet Arts &#038; Culture 2024"},"content":{"rendered":"\t\t<div data-elementor-type=\"wp-page\" data-elementor-id=\"3236\" class=\"elementor elementor-3236\">\n\t\t\t\t\t\t<section class=\"elementor-section elementor-top-section elementor-element elementor-element-4769ff3 elementor-section-boxed elementor-section-height-default elementor-section-height-default\" data-id=\"4769ff3\" data-element_type=\"section\" data-e-type=\"section\">\n\t\t\t\t\t\t<div class=\"elementor-container elementor-column-gap-default\">\n\t\t\t\t\t<div class=\"elementor-column elementor-col-50 elementor-top-column elementor-element elementor-element-d383b54\" data-id=\"d383b54\" data-element_type=\"column\" data-e-type=\"column\">\n\t\t\t<div class=\"elementor-widget-wrap elementor-element-populated\">\n\t\t\t\t\t\t<div class=\"elementor-element elementor-element-30793f0 elementor-widget elementor-widget-shortcode\" data-id=\"30793f0\" data-element_type=\"widget\" data-e-type=\"widget\" data-widget_type=\"shortcode.default\">\n\t\t\t\t<div class=\"elementor-widget-container\">\n\t\t\t\t\t\t\t<div class=\"elementor-shortcode\"><iframe src=\"https:\/\/docs.google.com\/forms\/d\/e\/1FAIpQLScWk-gSjkFNOvIPnnu7nF3Vzf6-sm0TWxTerP40wD2z5_4PoQ\/viewform?embedded=true\" width=\"640\" height=\"2280\" frameborder=\"0\" marginheight=\"0\" marginwidth=\"0\">Chargement\u2026<\/iframe><\/div>\n\t\t\t\t\t\t<\/div>\n\t\t\t\t<\/div>\n\t\t\t\t\t<\/div>\n\t\t<\/div>\n\t\t\t\t<div class=\"elementor-column elementor-col-50 elementor-top-column elementor-element elementor-element-e8efd97\" data-id=\"e8efd97\" data-element_type=\"column\" data-e-type=\"column\">\n\t\t\t<div class=\"elementor-widget-wrap elementor-element-populated\">\n\t\t\t\t\t\t<div class=\"elementor-element elementor-element-0c5aa26 elementor-widget elementor-widget-text-editor\" data-id=\"0c5aa26\" data-element_type=\"widget\" data-e-type=\"widget\" data-widget_type=\"text-editor.default\">\n\t\t\t\t<div class=\"elementor-widget-container\">\n\t\t\t\t\t\t\t\t\t<p style=\"text-align: left;\">Organisation<strong> spectacles<\/strong><\/p><p style=\"text-align: left;\"><strong>Gymnase Cadours<\/strong><\/p><p style=\"text-align: left;\"><a href=\"https:\/\/www.google.com\/maps\/place\/Gymnase+intercommunal\/@43.7241145,1.047473,17z\/data=!3m1!4b1!4m6!3m5!1s0x12a959f6e14e9d27:0xf0d8e0dfd3a502b1!8m2!3d43.7241145!4d1.047473!16s%2Fg%2F11smmggbnf?entry=ttu\">Route de Garac 31480 Cadours<\/a><\/p><p style=\"text-align: left;\"><strong>Cadours &amp; Mirande<\/strong><\/p><ul><li>10h00 : Rendez vous sur le lieu sur le jour du spectacle<\/li><li>10h-12h : installation et r\u00e9p\u00e9tition<\/li><li>12h-13h30 : D\u00e9jeuner &#8211; Pr\u00e9voir Pique nique<\/li><li>13h30-14h30 : Calage &#8211; Mise en place du plateau\/sc\u00e8ne<\/li><li>14h30-15h15 :\u00a0 Habillage et maquillage<\/li><li>15h30 &#8211; 16h00 : Spectacle<\/li><li>16h00 : Go\u00fbter et Echange avec le public<\/li><li>17h00 : Rangement<\/li><\/ul><p><b>Auch<\/b><\/p><p>R\u00e9p\u00e9tition la veille,\u00a0 20 octobre soit de 10h \u00e0 12h ou de 14h \u00e0 16h &#8211; D\u00e9tails \u00e0 venir<\/p>\t\t\t\t\t\t\t\t<\/div>\n\t\t\t\t<\/div>\n\t\t\t\t\t<\/div>\n\t\t<\/div>\n\t\t\t\t\t<\/div>\n\t\t<\/section>\n\t\t\t\t<section class=\"elementor-section elementor-top-section elementor-element elementor-element-30c9785 elementor-section-boxed elementor-section-height-default elementor-section-height-default\" data-id=\"30c9785\" data-element_type=\"section\" data-e-type=\"section\">\n\t\t\t\t\t\t<div class=\"elementor-container elementor-column-gap-default\">\n\t\t\t\t\t<div class=\"elementor-column elementor-col-100 elementor-top-column elementor-element elementor-element-c93b8cb\" data-id=\"c93b8cb\" data-element_type=\"column\" data-e-type=\"column\">\n\t\t\t<div class=\"elementor-widget-wrap\">\n\t\t\t\t\t\t\t<\/div>\n\t\t<\/div>\n\t\t\t\t\t<\/div>\n\t\t<\/section>\n\t\t\t\t<section class=\"elementor-section elementor-top-section elementor-element elementor-element-39fd4f9 elementor-section-boxed elementor-section-height-default elementor-section-height-default\" data-id=\"39fd4f9\" data-element_type=\"section\" data-e-type=\"section\">\n\t\t\t\t\t\t<div class=\"elementor-container elementor-column-gap-default\">\n\t\t\t\t\t<div class=\"elementor-column elementor-col-50 elementor-top-column elementor-element elementor-element-f4d4b49\" data-id=\"f4d4b49\" data-element_type=\"column\" data-e-type=\"column\">\n\t\t\t<div class=\"elementor-widget-wrap elementor-element-populated\">\n\t\t\t\t\t\t<div class=\"elementor-element elementor-element-c61c3fd elementor-widget elementor-widget-image\" data-id=\"c61c3fd\" data-element_type=\"widget\" data-e-type=\"widget\" data-widget_type=\"image.default\">\n\t\t\t\t<div class=\"elementor-widget-container\">\n\t\t\t\t\t\t\t\t\t\t\t\t\t\t\t<img fetchpriority=\"high\" decoding=\"async\" width=\"724\" height=\"1024\" src=\"https:\/\/cirqueetcampagnie.fr\/wp-content\/uploads\/2024\/01\/Etre-acteur-de-son-projet-ADDA-2024.png-1.png-19-au-24-02-724x1024.png\" class=\"attachment-large size-large wp-image-3307\" alt=\"\" srcset=\"https:\/\/cirqueetcampagnie.fr\/wp-content\/uploads\/2024\/01\/Etre-acteur-de-son-projet-ADDA-2024.png-1.png-19-au-24-02-724x1024.png 724w, https:\/\/cirqueetcampagnie.fr\/wp-content\/uploads\/2024\/01\/Etre-acteur-de-son-projet-ADDA-2024.png-1.png-19-au-24-02-212x300.png 212w, https:\/\/cirqueetcampagnie.fr\/wp-content\/uploads\/2024\/01\/Etre-acteur-de-son-projet-ADDA-2024.png-1.png-19-au-24-02-768x1086.png 768w, https:\/\/cirqueetcampagnie.fr\/wp-content\/uploads\/2024\/01\/Etre-acteur-de-son-projet-ADDA-2024.png-1.png-19-au-24-02-1086x1536.png 1086w, https:\/\/cirqueetcampagnie.fr\/wp-content\/uploads\/2024\/01\/Etre-acteur-de-son-projet-ADDA-2024.png-1.png-19-au-24-02-1448x2048.png 1448w, https:\/\/cirqueetcampagnie.fr\/wp-content\/uploads\/2024\/01\/Etre-acteur-de-son-projet-ADDA-2024.png-1.png-19-au-24-02-600x849.png 600w, https:\/\/cirqueetcampagnie.fr\/wp-content\/uploads\/2024\/01\/Etre-acteur-de-son-projet-ADDA-2024.png-1.png-19-au-24-02.png 1587w\" sizes=\"(max-width: 724px) 100vw, 724px\" \/>\t\t\t\t\t\t\t\t\t\t\t\t\t\t\t<\/div>\n\t\t\t\t<\/div>\n\t\t\t\t\t<\/div>\n\t\t<\/div>\n\t\t\t\t<div class=\"elementor-column elementor-col-50 elementor-top-column elementor-element elementor-element-2bc4fa1\" data-id=\"2bc4fa1\" data-element_type=\"column\" data-e-type=\"column\">\n\t\t\t<div class=\"elementor-widget-wrap elementor-element-populated\">\n\t\t\t\t\t\t<div class=\"elementor-element elementor-element-24a56a0 elementor-widget__width-initial elementor-widget elementor-widget-text-editor\" data-id=\"24a56a0\" data-element_type=\"widget\" data-e-type=\"widget\" data-widget_type=\"text-editor.default\">\n\t\t\t\t<div class=\"elementor-widget-container\">\n\t\t\t\t\t\t\t\t\t<p>Laur\u00e9ate de l&#8217;appel \u00e0 projet de l&#8217;ADDA, l&#8217;association propose une masterclass.<\/p><p>Ce projet sera sp\u00e9cialement con\u00e7u par les jeunes dont l&#8217;objectif est de leur permettre de s&#8217;approprier la sensibilisation et l&#8217;\u00e9ducation \u00e0 l&#8217;Art et \u00e0 la Culture en les acteurs rendant par le biais des Arts et des Arts du Cirque alliant cr\u00e9ativit\u00e9, \u00e9panouissement individuel et collectif.<\/p><p>Dans un premier temps, retrouvons nous le jeudi 15 f\u00e9vrier \u00e0 19h \u00e0 Circa pour une sortie de r\u00e9sidence &#8220;Rouge Merveille&#8221;- <a href=\"https:\/\/circa.auch.fr\/evenement\/rouge-merveille\/\">lien vers info<\/a><\/p><p>\u00a0<strong>Semaine du 19 au 24 f\u00e9vrier 2024 \u00e0 la salle des f\u00eates de St M\u00e9dard &#8211; 32300<\/strong><\/p><ul><li>10h-12h et 14h-17h\u00a0<\/li><\/ul><p>Pr\u00e9voir pique nique pour la pause d\u00e9jeuner entre 12h et 14h<\/p><p><strong>Etapes<\/strong><\/p><p>1 \/ Coh\u00e9sion du groupe par le jeu et \u00e9changes afin que chacun apprenne \u00e0 se conna\u00eetre.<\/p><p>2\/ Exploration des arts du cirque\u00a0 et d\u00e9finition des choix, du r\u00f4le de chaque participant<\/p><p>3\/\u00a0 R\u00e9flexion autour de l&#8217;Art et de la Culture avec une animation de Flora, une intervenante de l&#8217;ADDA<\/p><p>4\/ Maitrise des techniques ou d&#8217;objets : Trouver une passerelle entre la th\u00e9matique et les choix des jeunes avec leur objet ou discipline de pr\u00e9dilection ainsi que leur personnage.<\/p><p>5\/\u00a0<span style=\"font-size: 14px; color: var( --e-global-color-text );\">\u00a0Ecriture des s\u00e9quences, choix des musiques et mise en sc\u00e8ne,<\/span><\/p><p>6\/ Harmonisation des s\u00e9quences ou des sc\u00e8nes,<\/p><p>8\/ R\u00e9alisation et premier jet de la cr\u00e9ation<\/p><div><p><strong>9\/ Repr\u00e9sentations\u00a0<\/strong><\/p><ul><li>1 repr\u00e9sentation est pr\u00e9vue le samedi 24 f\u00e9vrier \u00e0 l&#8217;issue de la master class\u00a0 \u00e0 16h30<\/li><li>2 dates \u00e0 d\u00e9terminer<\/li><\/ul><\/div>\t\t\t\t\t\t\t\t<\/div>\n\t\t\t\t<\/div>\n\t\t\t\t\t<\/div>\n\t\t<\/div>\n\t\t\t\t\t<\/div>\n\t\t<\/section>\n\t\t\t\t<section class=\"elementor-section elementor-top-section elementor-element elementor-element-a2e5ca2 elementor-section-boxed elementor-section-height-default elementor-section-height-default\" data-id=\"a2e5ca2\" data-element_type=\"section\" data-e-type=\"section\">\n\t\t\t\t\t\t<div class=\"elementor-container elementor-column-gap-default\">\n\t\t\t\t\t<div class=\"elementor-column elementor-col-100 elementor-top-column elementor-element elementor-element-ad669b7\" data-id=\"ad669b7\" data-element_type=\"column\" data-e-type=\"column\">\n\t\t\t<div class=\"elementor-widget-wrap\">\n\t\t\t\t\t\t\t<\/div>\n\t\t<\/div>\n\t\t\t\t\t<\/div>\n\t\t<\/section>\n\t\t\t\t<\/div>\n\t\t","protected":false},"excerpt":{"rendered":"<p>Chargement\u2026 Organisation spectacles Gymnase Cadours Route de Garac 31480 Cadours Cadours &amp; Mirande 10h00 : Rendez vous sur le lieu sur le jour du spectacle 10h-12h : installation et r\u00e9p\u00e9tition 12h-13h30 : D\u00e9jeuner &#8211; Pr\u00e9voir Pique nique 13h30-14h30 : Calage &#8211; Mise en place du plateau\/sc\u00e8ne 14h30-15h15 :\u00a0 Habillage et maquillage 15h30 &#8211; 16h00 : [&hellip;]<\/p>\n","protected":false},"author":1,"featured_media":0,"parent":0,"menu_order":0,"comment_status":"closed","ping_status":"closed","template":"","meta":{"ocean_post_layout":"","ocean_both_sidebars_style":"","ocean_both_sidebars_content_width":0,"ocean_both_sidebars_sidebars_width":0,"ocean_sidebar":"","ocean_second_sidebar":"","ocean_disable_margins":"enable","ocean_add_body_class":"","ocean_shortcode_before_top_bar":"","ocean_shortcode_after_top_bar":"","ocean_shortcode_before_header":"","ocean_shortcode_after_header":"","ocean_has_shortcode":"","ocean_shortcode_after_title":"","ocean_shortcode_before_footer_widgets":"","ocean_shortcode_after_footer_widgets":"","ocean_shortcode_before_footer_bottom":"","ocean_shortcode_after_footer_bottom":"","ocean_display_top_bar":"default","ocean_display_header":"default","ocean_header_style":"","ocean_center_header_left_menu":"","ocean_custom_header_template":"","ocean_custom_logo":0,"ocean_custom_retina_logo":0,"ocean_custom_logo_max_width":0,"ocean_custom_logo_tablet_max_width":0,"ocean_custom_logo_mobile_max_width":0,"ocean_custom_logo_max_height":0,"ocean_custom_logo_tablet_max_height":0,"ocean_custom_logo_mobile_max_height":0,"ocean_header_custom_menu":"","ocean_menu_typo_font_family":"","ocean_menu_typo_font_subset":"","ocean_menu_typo_font_size":0,"ocean_menu_typo_font_size_tablet":0,"ocean_menu_typo_font_size_mobile":0,"ocean_menu_typo_font_size_unit":"px","ocean_menu_typo_font_weight":"","ocean_menu_typo_font_weight_tablet":"","ocean_menu_typo_font_weight_mobile":"","ocean_menu_typo_transform":"","ocean_menu_typo_transform_tablet":"","ocean_menu_typo_transform_mobile":"","ocean_menu_typo_line_height":0,"ocean_menu_typo_line_height_tablet":0,"ocean_menu_typo_line_height_mobile":0,"ocean_menu_typo_line_height_unit":"","ocean_menu_typo_spacing":0,"ocean_menu_typo_spacing_tablet":0,"ocean_menu_typo_spacing_mobile":0,"ocean_menu_typo_spacing_unit":"","ocean_menu_link_color":"","ocean_menu_link_color_hover":"","ocean_menu_link_color_active":"","ocean_menu_link_background":"","ocean_menu_link_hover_background":"","ocean_menu_link_active_background":"","ocean_menu_social_links_bg":"","ocean_menu_social_hover_links_bg":"","ocean_menu_social_links_color":"","ocean_menu_social_hover_links_color":"","ocean_disable_title":"default","ocean_disable_heading":"default","ocean_post_title":"","ocean_post_subheading":"","ocean_post_title_style":"","ocean_post_title_background_color":"","ocean_post_title_background":0,"ocean_post_title_bg_image_position":"","ocean_post_title_bg_image_attachment":"","ocean_post_title_bg_image_repeat":"","ocean_post_title_bg_image_size":"","ocean_post_title_height":0,"ocean_post_title_bg_overlay":0.5,"ocean_post_title_bg_overlay_color":"","ocean_disable_breadcrumbs":"default","ocean_breadcrumbs_color":"","ocean_breadcrumbs_separator_color":"","ocean_breadcrumbs_links_color":"","ocean_breadcrumbs_links_hover_color":"","ocean_display_footer_widgets":"default","ocean_display_footer_bottom":"default","ocean_custom_footer_template":"","_mc_calendar":[],"footnotes":""},"class_list":["post-3236","page","type-page","status-publish","hentry","entry","owp-thumbs-layout-horizontal","owp-btn-normal","owp-tabs-layout-horizontal","has-no-thumbnails","has-product-nav"],"_links":{"self":[{"href":"https:\/\/cirqueetcampagnie.fr\/index.php\/wp-json\/wp\/v2\/pages\/3236","targetHints":{"allow":["GET"]}}],"collection":[{"href":"https:\/\/cirqueetcampagnie.fr\/index.php\/wp-json\/wp\/v2\/pages"}],"about":[{"href":"https:\/\/cirqueetcampagnie.fr\/index.php\/wp-json\/wp\/v2\/types\/page"}],"author":[{"embeddable":true,"href":"https:\/\/cirqueetcampagnie.fr\/index.php\/wp-json\/wp\/v2\/users\/1"}],"replies":[{"embeddable":true,"href":"https:\/\/cirqueetcampagnie.fr\/index.php\/wp-json\/wp\/v2\/comments?post=3236"}],"version-history":[{"count":73,"href":"https:\/\/cirqueetcampagnie.fr\/index.php\/wp-json\/wp\/v2\/pages\/3236\/revisions"}],"predecessor-version":[{"id":3595,"href":"https:\/\/cirqueetcampagnie.fr\/index.php\/wp-json\/wp\/v2\/pages\/3236\/revisions\/3595"}],"wp:attachment":[{"href":"https:\/\/cirqueetcampagnie.fr\/index.php\/wp-json\/wp\/v2\/media?parent=3236"}],"curies":[{"name":"wp","href":"https:\/\/api.w.org\/{rel}","templated":true}]}}