{"id":4390,"date":"2024-09-26T12:06:10","date_gmt":"2024-09-26T10:06:10","guid":{"rendered":"https:\/\/cirqueetcampagnie.fr\/?page_id=4390"},"modified":"2026-04-27T10:46:14","modified_gmt":"2026-04-27T08:46:14","slug":"prse-2024-2025-programme","status":"publish","type":"page","link":"https:\/\/cirqueetcampagnie.fr\/index.php\/prse-2024-2025-programme\/","title":{"rendered":"PRSE 2024-2025 Programme"},"content":{"rendered":"\t\t<div data-elementor-type=\"wp-page\" data-elementor-id=\"4390\" class=\"elementor elementor-4390\">\n\t\t\t\t\t\t<section class=\"elementor-section elementor-top-section elementor-element elementor-element-e1a468e elementor-section-boxed elementor-section-height-default elementor-section-height-default\" data-id=\"e1a468e\" data-element_type=\"section\" data-e-type=\"section\">\n\t\t\t\t\t\t<div class=\"elementor-container elementor-column-gap-default\">\n\t\t\t\t\t<div class=\"elementor-column elementor-col-66 elementor-top-column elementor-element elementor-element-d5b9d5d\" data-id=\"d5b9d5d\" data-element_type=\"column\" data-e-type=\"column\">\n\t\t\t<div class=\"elementor-widget-wrap elementor-element-populated\">\n\t\t\t\t\t\t<div class=\"elementor-element elementor-element-46a673c elementor-widget elementor-widget-heading\" data-id=\"46a673c\" data-element_type=\"widget\" data-e-type=\"widget\" data-widget_type=\"heading.default\">\n\t\t\t\t<div class=\"elementor-widget-container\">\n\t\t\t\t\t<h2 class=\"elementor-heading-title elementor-size-default\"><br><br>Saison <br>2025-2026<\/h2>\t\t\t\t<\/div>\n\t\t\t\t<\/div>\n\t\t\t\t\t<\/div>\n\t\t<\/div>\n\t\t\t\t<div class=\"elementor-column elementor-col-33 elementor-top-column elementor-element elementor-element-1feb300\" data-id=\"1feb300\" data-element_type=\"column\" data-e-type=\"column\">\n\t\t\t<div class=\"elementor-widget-wrap elementor-element-populated\">\n\t\t\t\t\t\t<div class=\"elementor-element elementor-element-a040862 elementor-widget elementor-widget-video\" data-id=\"a040862\" data-element_type=\"widget\" data-e-type=\"widget\" data-settings=\"{&quot;youtube_url&quot;:&quot;https:\\\/\\\/youtu.be\\\/TnJ_2b-AN5Q&quot;,&quot;video_type&quot;:&quot;youtube&quot;,&quot;controls&quot;:&quot;yes&quot;}\" data-widget_type=\"video.default\">\n\t\t\t\t<div class=\"elementor-widget-container\">\n\t\t\t\t\t\t\t<div class=\"elementor-wrapper elementor-open-inline\">\n\t\t\t<div class=\"elementor-video\"><\/div>\t\t<\/div>\n\t\t\t\t\t\t<\/div>\n\t\t\t\t<\/div>\n\t\t\t\t\t<\/div>\n\t\t<\/div>\n\t\t\t\t\t<\/div>\n\t\t<\/section>\n\t\t\t\t<section class=\"elementor-section elementor-top-section elementor-element elementor-element-230f739 elementor-section-boxed elementor-section-height-default elementor-section-height-default\" data-id=\"230f739\" data-element_type=\"section\" data-e-type=\"section\">\n\t\t\t\t\t\t<div class=\"elementor-container elementor-column-gap-default\">\n\t\t\t\t\t<div class=\"elementor-column elementor-col-100 elementor-top-column elementor-element elementor-element-42f713b\" data-id=\"42f713b\" data-element_type=\"column\" data-e-type=\"column\">\n\t\t\t<div class=\"elementor-widget-wrap elementor-element-populated\">\n\t\t\t\t\t\t<div class=\"elementor-element elementor-element-8cfa052 elementor-widget elementor-widget-text-editor\" data-id=\"8cfa052\" data-element_type=\"widget\" data-e-type=\"widget\" data-widget_type=\"text-editor.default\">\n\t\t\t\t<div class=\"elementor-widget-container\">\n\t\t\t\t\t\t\t\t\t<p><strong>Liens\u00a0<\/strong><\/p><ul><li><span style=\"font-family: Arial, sans-serif;\"><a href=\"https:\/\/www.mixcloud.com\/radiocoteaux\/emission-speciale-cirque-et-campagnie-23-avril-2026\/\">emission speciale cirque et campagnie 23 avril 2026 by radiocoteaux | Mixcloud<\/a><\/span><\/li><li><a href=\"https:\/\/docs.google.com\/spreadsheets\/d\/e\/2PACX-1vSURhqLFlOgoBKdWhuaub-imfOz4AQeCedHHvC1FVjluQHmYPS1PZYkow-1mZCbA57mNjXDyvgH1JBb\/pubhtml?gid=1168834769&amp;single=true\" target=\"_blank\" rel=\"noopener\">Programme Printemps 2026<\/a><\/li><\/ul><ul><li><a href=\"https:\/\/docs.google.com\/spreadsheets\/d\/e\/2PACX-1vSURhqLFlOgoBKdWhuaub-imfOz4AQeCedHHvC1FVjluQHmYPS1PZYkow-1mZCbA57mNjXDyvgH1JBb\/pubhtml?gid=944282137&amp;single=true\" target=\"_blank\" rel=\"noopener\">Programme Automne 2025<\/a><\/li><li>Podcast : <a href=\"https:\/\/www.mixcloud.com\/radiocoteaux\/cirque-et-campagnie-30-octobre-2025\/\">\u00a0\u00e9mission rep\u00e8re du 30 octobre 2025 by radiocoteaux |\u00a0<\/a> &#8211; Participants de la session 2025\/2026<\/li><\/ul><ul><li><a href=\"https:\/\/www.mixcloud.com\/radiocoteaux\/projet-sante-et-environnement-cirque-et-campagnie-24-octobre-2024\/\">Podcast<\/a> \u00e9mission rep\u00e8re de Radio Coteaux du 24 octobre 2024 avec les participants au projet sant\u00e9 environnement 2024-2025<\/li><\/ul>\t\t\t\t\t\t\t\t<\/div>\n\t\t\t\t<\/div>\n\t\t\t\t\t<\/div>\n\t\t<\/div>\n\t\t\t\t\t<\/div>\n\t\t<\/section>\n\t\t\t\t<\/div>\n\t\t","protected":false},"excerpt":{"rendered":"<p>Saison 2025-2026 https:\/\/youtu.be\/TnJ_2b-AN5Q Liens\u00a0 emission speciale cirque et campagnie 23 avril 2026 by radiocoteaux | Mixcloud Programme Printemps 2026 Programme Automne 2025 Podcast : \u00a0\u00e9mission rep\u00e8re du 30 octobre 2025 by radiocoteaux |\u00a0 &#8211; Participants de la session 2025\/2026 Podcast \u00e9mission rep\u00e8re de Radio Coteaux du 24 octobre 2024 avec les participants au projet sant\u00e9 [&hellip;]<\/p>\n","protected":false},"author":1,"featured_media":0,"parent":0,"menu_order":0,"comment_status":"closed","ping_status":"closed","template":"","meta":{"ocean_post_layout":"","ocean_both_sidebars_style":"","ocean_both_sidebars_content_width":0,"ocean_both_sidebars_sidebars_width":0,"ocean_sidebar":"","ocean_second_sidebar":"","ocean_disable_margins":"enable","ocean_add_body_class":"","ocean_shortcode_before_top_bar":"","ocean_shortcode_after_top_bar":"","ocean_shortcode_before_header":"","ocean_shortcode_after_header":"","ocean_has_shortcode":"","ocean_shortcode_after_title":"","ocean_shortcode_before_footer_widgets":"","ocean_shortcode_after_footer_widgets":"","ocean_shortcode_before_footer_bottom":"","ocean_shortcode_after_footer_bottom":"","ocean_display_top_bar":"default","ocean_display_header":"default","ocean_header_style":"","ocean_center_header_left_menu":"","ocean_custom_header_template":"","ocean_custom_logo":0,"ocean_custom_retina_logo":0,"ocean_custom_logo_max_width":0,"ocean_custom_logo_tablet_max_width":0,"ocean_custom_logo_mobile_max_width":0,"ocean_custom_logo_max_height":0,"ocean_custom_logo_tablet_max_height":0,"ocean_custom_logo_mobile_max_height":0,"ocean_header_custom_menu":"","ocean_menu_typo_font_family":"","ocean_menu_typo_font_subset":"","ocean_menu_typo_font_size":0,"ocean_menu_typo_font_size_tablet":0,"ocean_menu_typo_font_size_mobile":0,"ocean_menu_typo_font_size_unit":"px","ocean_menu_typo_font_weight":"","ocean_menu_typo_font_weight_tablet":"","ocean_menu_typo_font_weight_mobile":"","ocean_menu_typo_transform":"","ocean_menu_typo_transform_tablet":"","ocean_menu_typo_transform_mobile":"","ocean_menu_typo_line_height":0,"ocean_menu_typo_line_height_tablet":0,"ocean_menu_typo_line_height_mobile":0,"ocean_menu_typo_line_height_unit":"","ocean_menu_typo_spacing":0,"ocean_menu_typo_spacing_tablet":0,"ocean_menu_typo_spacing_mobile":0,"ocean_menu_typo_spacing_unit":"","ocean_menu_link_color":"","ocean_menu_link_color_hover":"","ocean_menu_link_color_active":"","ocean_menu_link_background":"","ocean_menu_link_hover_background":"","ocean_menu_link_active_background":"","ocean_menu_social_links_bg":"","ocean_menu_social_hover_links_bg":"","ocean_menu_social_links_color":"","ocean_menu_social_hover_links_color":"","ocean_disable_title":"default","ocean_disable_heading":"default","ocean_post_title":"","ocean_post_subheading":"","ocean_post_title_style":"","ocean_post_title_background_color":"","ocean_post_title_background":0,"ocean_post_title_bg_image_position":"","ocean_post_title_bg_image_attachment":"","ocean_post_title_bg_image_repeat":"","ocean_post_title_bg_image_size":"","ocean_post_title_height":0,"ocean_post_title_bg_overlay":0.5,"ocean_post_title_bg_overlay_color":"","ocean_disable_breadcrumbs":"default","ocean_breadcrumbs_color":"","ocean_breadcrumbs_separator_color":"","ocean_breadcrumbs_links_color":"","ocean_breadcrumbs_links_hover_color":"","ocean_display_footer_widgets":"default","ocean_display_footer_bottom":"default","ocean_custom_footer_template":"","_mc_calendar":[],"footnotes":""},"class_list":["post-4390","page","type-page","status-publish","hentry","entry","owp-thumbs-layout-horizontal","owp-btn-normal","owp-tabs-layout-horizontal","has-no-thumbnails","has-product-nav"],"_links":{"self":[{"href":"https:\/\/cirqueetcampagnie.fr\/index.php\/wp-json\/wp\/v2\/pages\/4390","targetHints":{"allow":["GET"]}}],"collection":[{"href":"https:\/\/cirqueetcampagnie.fr\/index.php\/wp-json\/wp\/v2\/pages"}],"about":[{"href":"https:\/\/cirqueetcampagnie.fr\/index.php\/wp-json\/wp\/v2\/types\/page"}],"author":[{"embeddable":true,"href":"https:\/\/cirqueetcampagnie.fr\/index.php\/wp-json\/wp\/v2\/users\/1"}],"replies":[{"embeddable":true,"href":"https:\/\/cirqueetcampagnie.fr\/index.php\/wp-json\/wp\/v2\/comments?post=4390"}],"version-history":[{"count":149,"href":"https:\/\/cirqueetcampagnie.fr\/index.php\/wp-json\/wp\/v2\/pages\/4390\/revisions"}],"predecessor-version":[{"id":5850,"href":"https:\/\/cirqueetcampagnie.fr\/index.php\/wp-json\/wp\/v2\/pages\/4390\/revisions\/5850"}],"wp:attachment":[{"href":"https:\/\/cirqueetcampagnie.fr\/index.php\/wp-json\/wp\/v2\/media?parent=4390"}],"curies":[{"name":"wp","href":"https:\/\/api.w.org\/{rel}","templated":true}]}}