{"id":723,"date":"2022-02-07T10:52:16","date_gmt":"2022-02-07T09:52:16","guid":{"rendered":"https:\/\/cirqueetcampagnie.fr\/?page_id=723"},"modified":"2025-10-21T10:43:12","modified_gmt":"2025-10-21T08:43:12","slug":"inscriptions-modalites","status":"publish","type":"page","link":"https:\/\/cirqueetcampagnie.fr\/index.php\/activites\/inscriptions-modalites\/","title":{"rendered":"Inscriptions &#8211; Modalit\u00e9s"},"content":{"rendered":"\t\t<div data-elementor-type=\"wp-page\" data-elementor-id=\"723\" class=\"elementor elementor-723\">\n\t\t\t\t\t\t<section class=\"elementor-section elementor-top-section elementor-element elementor-element-9e2e2fc elementor-section-boxed elementor-section-height-default elementor-section-height-default\" data-id=\"9e2e2fc\" data-element_type=\"section\" data-e-type=\"section\">\n\t\t\t\t\t\t<div class=\"elementor-container elementor-column-gap-default\">\n\t\t\t\t\t<div class=\"elementor-column elementor-col-100 elementor-top-column elementor-element elementor-element-c8dd204\" data-id=\"c8dd204\" data-element_type=\"column\" data-e-type=\"column\">\n\t\t\t<div class=\"elementor-widget-wrap elementor-element-populated\">\n\t\t\t\t\t\t<div class=\"elementor-element elementor-element-96cc318 elementor-widget elementor-widget-heading\" data-id=\"96cc318\" data-element_type=\"widget\" data-e-type=\"widget\" data-widget_type=\"heading.default\">\n\t\t\t\t<div class=\"elementor-widget-container\">\n\t\t\t\t\t<h2 class=\"elementor-heading-title elementor-size-default\">Modalit\u00e9s d'inscription 2025-2026<\/h2>\t\t\t\t<\/div>\n\t\t\t\t<\/div>\n\t\t\t\t\t<\/div>\n\t\t<\/div>\n\t\t\t\t\t<\/div>\n\t\t<\/section>\n\t\t\t\t<section class=\"elementor-section elementor-top-section elementor-element elementor-element-2ce9ce2 elementor-section-boxed elementor-section-height-default elementor-section-height-default\" data-id=\"2ce9ce2\" data-element_type=\"section\" data-e-type=\"section\">\n\t\t\t\t\t\t<div class=\"elementor-container elementor-column-gap-default\">\n\t\t\t\t\t<div class=\"elementor-column elementor-col-100 elementor-top-column elementor-element elementor-element-4f779d9\" data-id=\"4f779d9\" data-element_type=\"column\" data-e-type=\"column\">\n\t\t\t<div class=\"elementor-widget-wrap elementor-element-populated\">\n\t\t\t\t\t\t<div class=\"elementor-element elementor-element-ee12fb1 elementor-widget elementor-widget-text-editor\" data-id=\"ee12fb1\" data-element_type=\"widget\" data-e-type=\"widget\" data-widget_type=\"text-editor.default\">\n\t\t\t\t<div class=\"elementor-widget-container\">\n\t\t\t\t\t\t\t\t\t<p><span style=\"color: #808080;\"><strong style=\"font-size: 16px;\">Chaque inscription implique\u00a0<\/strong><\/span><\/p><ul><li style=\"list-style-type: none;\"><ul><li style=\"text-align: left;\"><span style=\"color: #808080;\"><strong>Le respect du <a style=\"color: #808080;\" href=\"https:\/\/cirqueetcampagnie.fr\/index.php\/activites\/reglement-interieur\/\">r\u00e8glement int\u00e9rieur<\/a>,\u00a0<\/strong><\/span><\/li><li style=\"text-align: left;\"><span style=\"color: #808080;\"><strong>L&#8217;adh\u00e9sion \u00e0 Cirque &amp; cAmpagnie\u00a0 pour la saison en cours<\/strong><\/span><\/li><li style=\"text-align: left;\"><span style=\"color: #808080;\"><strong>Une souscription individuelle \u00e0 la licence <a style=\"color: #808080;\" href=\"https:\/\/www.ffec.asso.fr\/\">FFEC<\/a> (F\u00e9d\u00e9ration fran\u00e7aise des Ecoles de Cirque)<\/strong><\/span><span style=\"color: #808080;\"><strong> cons\u00e9cutives<\/strong><\/span><\/li><li style=\"text-align: left;\"><span style=\"color: #808080;\"><b>Retrouvez <a href=\"https:\/\/cirqueetcampagnie.fr\/index.php\/tarifs\/\" target=\"_blank\" rel=\"noopener\">les tarifs<\/a> dans infos pratiques<\/b><\/span><\/li><\/ul><\/li><\/ul><p style=\"padding-left: 40px;\">\u00a0<\/p>\t\t\t\t\t\t\t\t<\/div>\n\t\t\t\t<\/div>\n\t\t\t\t\t<\/div>\n\t\t<\/div>\n\t\t\t\t\t<\/div>\n\t\t<\/section>\n\t\t\t\t<section class=\"elementor-section elementor-top-section elementor-element elementor-element-c2c007b elementor-section-boxed elementor-section-height-default elementor-section-height-default\" data-id=\"c2c007b\" data-element_type=\"section\" data-e-type=\"section\">\n\t\t\t\t\t\t<div class=\"elementor-container elementor-column-gap-default\">\n\t\t\t\t\t<div class=\"elementor-column elementor-col-100 elementor-top-column elementor-element elementor-element-227092d\" data-id=\"227092d\" data-element_type=\"column\" data-e-type=\"column\">\n\t\t\t<div class=\"elementor-widget-wrap elementor-element-populated\">\n\t\t\t\t\t\t<div class=\"elementor-element elementor-element-4b6c7e9 elementor-widget elementor-widget-text-editor\" data-id=\"4b6c7e9\" data-element_type=\"widget\" data-e-type=\"widget\" data-widget_type=\"text-editor.default\">\n\t\t\t\t<div class=\"elementor-widget-container\">\n\t\t\t\t\t\t\t\t\t<p><span style=\"color: #800080;\"><strong>Une activit\u00e9, un stage vous int\u00e9resse et vous souhaitez vous inscrire : c&#8217;est possible en 2 \u00e9tapes !<\/strong><\/span><\/p>\t\t\t\t\t\t\t\t<\/div>\n\t\t\t\t<\/div>\n\t\t\t\t\t<\/div>\n\t\t<\/div>\n\t\t\t\t\t<\/div>\n\t\t<\/section>\n\t\t\t\t<section class=\"elementor-section elementor-top-section elementor-element elementor-element-20125af elementor-section-boxed elementor-section-height-default elementor-section-height-default\" data-id=\"20125af\" data-element_type=\"section\" data-e-type=\"section\">\n\t\t\t\t\t\t<div class=\"elementor-container elementor-column-gap-default\">\n\t\t\t\t\t<div class=\"elementor-column elementor-col-100 elementor-top-column elementor-element elementor-element-d63986f\" data-id=\"d63986f\" data-element_type=\"column\" data-e-type=\"column\">\n\t\t\t<div class=\"elementor-widget-wrap elementor-element-populated\">\n\t\t\t\t\t\t<div class=\"elementor-element elementor-element-6bb9a9b elementor-widget elementor-widget-toggle\" data-id=\"6bb9a9b\" data-element_type=\"widget\" data-e-type=\"widget\" data-widget_type=\"toggle.default\">\n\t\t\t\t<div class=\"elementor-widget-container\">\n\t\t\t\t\t\t\t<div class=\"elementor-toggle\">\n\t\t\t\t\t\t\t<div class=\"elementor-toggle-item\">\n\t\t\t\t\t<div id=\"elementor-tab-title-1121\" class=\"elementor-tab-title\" data-tab=\"1\" role=\"button\" aria-controls=\"elementor-tab-content-1121\" aria-expanded=\"false\">\n\t\t\t\t\t\t\t\t\t\t\t\t<span class=\"elementor-toggle-icon elementor-toggle-icon-left\" aria-hidden=\"true\">\n\t\t\t\t\t\t\t\t\t\t\t\t\t\t\t<span class=\"elementor-toggle-icon-closed\"><i class=\"fas fa-caret-right\"><\/i><\/span>\n\t\t\t\t\t\t\t\t<span class=\"elementor-toggle-icon-opened\"><i class=\"elementor-toggle-icon-opened fas fa-caret-up\"><\/i><\/span>\n\t\t\t\t\t\t\t\t\t\t\t\t\t<\/span>\n\t\t\t\t\t\t\t\t\t\t\t\t<a class=\"elementor-toggle-title\" tabindex=\"0\">Inscription - Etape 1 - Renseignement du dossier<\/a>\n\t\t\t\t\t<\/div>\n\n\t\t\t\t\t<div id=\"elementor-tab-content-1121\" class=\"elementor-tab-content elementor-clearfix\" data-tab=\"1\" role=\"region\" aria-labelledby=\"elementor-tab-title-1121\"><p>Il permet de recueillir<\/p><ul><li>l&#8217;identit\u00e9 et les coordonn\u00e9es du pratiquant et du ou des responsable(s),<\/li><li>votre choix pour l&#8217;utilisation de l&#8217;image du pratiquant<\/li><li>les points de vigilance concernant la sant\u00e9<\/li><li>votre choix d&#8217;inscription<\/li><\/ul><p>=&gt; soit en renseignant le formulaire d&#8217;inscription en ligne accessible <strong><a href=\"https:\/\/cirqueetcampagnie.fr\/index.php\/activites\/inscriptionetpaiementcb\/\" target=\"_blank\" rel=\"noopener\">en cliquant ICI\u00a0<\/a>\u00a0<\/strong><\/p><p>=&gt; soit en nous retournant par mail\u00a0 au bureau ou par l&#8217;animateur,\u00a0 \u00a0le dossier accessible<b>,<\/b><a href=\"https:\/\/drive.google.com\/file\/d\/1n-HTeEbSVPlodyoRWF1BRTcj1orj0-QS\/view?usp=sharing\" target=\"_blank\" rel=\"noopener\"><strong> en cliquant ICI<\/strong><\/a><\/p><\/div>\n\t\t\t\t<\/div>\n\t\t\t\t\t\t\t<div class=\"elementor-toggle-item\">\n\t\t\t\t\t<div id=\"elementor-tab-title-1122\" class=\"elementor-tab-title\" data-tab=\"2\" role=\"button\" aria-controls=\"elementor-tab-content-1122\" aria-expanded=\"false\">\n\t\t\t\t\t\t\t\t\t\t\t\t<span class=\"elementor-toggle-icon elementor-toggle-icon-left\" aria-hidden=\"true\">\n\t\t\t\t\t\t\t\t\t\t\t\t\t\t\t<span class=\"elementor-toggle-icon-closed\"><i class=\"fas fa-caret-right\"><\/i><\/span>\n\t\t\t\t\t\t\t\t<span class=\"elementor-toggle-icon-opened\"><i class=\"elementor-toggle-icon-opened fas fa-caret-up\"><\/i><\/span>\n\t\t\t\t\t\t\t\t\t\t\t\t\t<\/span>\n\t\t\t\t\t\t\t\t\t\t\t\t<a class=\"elementor-toggle-title\" tabindex=\"0\">Inscription - Etape 2 - Le r\u00e8glement <\/a>\n\t\t\t\t\t<\/div>\n\n\t\t\t\t\t<div id=\"elementor-tab-content-1122\" class=\"elementor-tab-content elementor-clearfix\" data-tab=\"2\" role=\"region\" aria-labelledby=\"elementor-tab-title-1122\"><ul><li>Que le paiement soit \u00e9chelonn\u00e9 ou non, La totalit\u00e9 du r\u00e8glement se fait<ul><li>Pour les stages : \u00e0 l&#8217;inscription\u00a0<\/li><li>Pour les ateliers\u00a0 \u00e0 l&#8217;ann\u00e9e : au plus tard entre la s\u00e9ance d&#8217;essai et la suivante<\/li><\/ul><\/li><\/ul><p>cf. Les conditions au paragraphe suivant.<\/p><\/div>\n\t\t\t\t<\/div>\n\t\t\t\t\t\t\t<div class=\"elementor-toggle-item\">\n\t\t\t\t\t<div id=\"elementor-tab-title-1123\" class=\"elementor-tab-title\" data-tab=\"3\" role=\"button\" aria-controls=\"elementor-tab-content-1123\" aria-expanded=\"false\">\n\t\t\t\t\t\t\t\t\t\t\t\t<span class=\"elementor-toggle-icon elementor-toggle-icon-left\" aria-hidden=\"true\">\n\t\t\t\t\t\t\t\t\t\t\t\t\t\t\t<span class=\"elementor-toggle-icon-closed\"><i class=\"fas fa-caret-right\"><\/i><\/span>\n\t\t\t\t\t\t\t\t<span class=\"elementor-toggle-icon-opened\"><i class=\"elementor-toggle-icon-opened fas fa-caret-up\"><\/i><\/span>\n\t\t\t\t\t\t\t\t\t\t\t\t\t<\/span>\n\t\t\t\t\t\t\t\t\t\t\t\t<a class=\"elementor-toggle-title\" tabindex=\"0\">Moyens de paiement<\/a>\n\t\t\t\t\t<\/div>\n\n\t\t\t\t\t<div id=\"elementor-tab-content-1123\" class=\"elementor-tab-content elementor-clearfix\" data-tab=\"3\" role=\"region\" aria-labelledby=\"elementor-tab-title-1123\"><ul><li>CB en ligne via Hello Asso (plateforme s\u00e9curis\u00e9e)\u00a0<a href=\"https:\/\/cirqueetcampagnie.fr\/index.php\/activites\/inscriptionetpaiementcb\/\"><strong>en cliquant ICI<\/strong><\/a> &#8211; \u00e9chelonnement possible jusqu&#8217;\u00e0 3 fois<\/li><li>En esp\u00e8ce au bureau ou aupr\u00e8s de l&#8217;animateur &#8211; Merci de faire l&#8217;appoint<\/li><li>Par ch\u00e8que \u00e0 l&#8217;ordre de Cirque &amp; cAmpagnie (si \u00e9chelonnement cf. plus bas)<\/li><li>Tickets UP Sport et loisirs<\/li><li>Ch\u00e8ques ANCV\u00a0 (coupons sport et ch\u00e8ques vacances)<\/li><\/ul><p style=\"padding-left: 40px;\">Si vous n&#8217;avez pas re\u00e7u vos coupons ou tickets lors de l&#8217;inscription, merci de remettre un ch\u00e8que \u00e0 hauteur du montant \u00e9quivalent qui vous sera retourn\u00e9 lors de la remise des coupons. Sans nouvelle de votre part, il sera encaiss\u00e9 \u00e0 la date convenue.<\/p><ul><li>Pass&#8217;Club 32 d&#8217;un montant de 25\u00a0<\/li><\/ul><p style=\"padding-left: 40px;\">Dans l&#8217;attente des justificatifs demand\u00e9s, merci de remettre un ch\u00e8que d&#8217;un montant \u00e9quivalent au bon. Il vous sera restitu\u00e9 lors de la r\u00e9gularisation du dossier<\/p><ul><li>Carte Cadeau<\/li><\/ul><p style=\"padding-left: 40px;\">\u00a0<\/p><\/div>\n\t\t\t\t<\/div>\n\t\t\t\t\t\t\t<div class=\"elementor-toggle-item\">\n\t\t\t\t\t<div id=\"elementor-tab-title-1124\" class=\"elementor-tab-title\" data-tab=\"4\" role=\"button\" aria-controls=\"elementor-tab-content-1124\" aria-expanded=\"false\">\n\t\t\t\t\t\t\t\t\t\t\t\t<span class=\"elementor-toggle-icon elementor-toggle-icon-left\" aria-hidden=\"true\">\n\t\t\t\t\t\t\t\t\t\t\t\t\t\t\t<span class=\"elementor-toggle-icon-closed\"><i class=\"fas fa-caret-right\"><\/i><\/span>\n\t\t\t\t\t\t\t\t<span class=\"elementor-toggle-icon-opened\"><i class=\"elementor-toggle-icon-opened fas fa-caret-up\"><\/i><\/span>\n\t\t\t\t\t\t\t\t\t\t\t\t\t<\/span>\n\t\t\t\t\t\t\t\t\t\t\t\t<a class=\"elementor-toggle-title\" tabindex=\"0\">Echelonnements<\/a>\n\t\t\t\t\t<\/div>\n\n\t\t\t\t\t<div id=\"elementor-tab-content-1124\" class=\"elementor-tab-content elementor-clearfix\" data-tab=\"4\" role=\"region\" aria-labelledby=\"elementor-tab-title-1124\"><p><strong>Par ch\u00e8que<\/strong><\/p><p>Possibilit\u00e9 de r\u00e9gler en plusieurs\u00a0 fois avec d\u00e9p\u00f4t en banque vers les 5 et 15 du mois, de octobre \u00e0 juin de la saison concern\u00e9e.<\/p><p>Les\u00a0 ch\u00e8ques sont \u00e0 restituer \u00e0 l&#8217;inscription &#8211; Merci d&#8217;\u00e9viter les centimes,\u00a0 exemple : pour un total de 100 euros =&gt;1 ch\u00e8que de 34 \u20ac et 2 ch\u00e8ques de 33 \u20ac<\/p><p>Pour des demandes particuli\u00e8res, merci de prendre contact.<\/p><p><strong>En esp\u00e8ce<\/strong><\/p><p>Si vous souhaitez r\u00e9gler en plusieurs fois en esp\u00e8ce, merci de remettre \u00e0 l&#8217;inscription autant de ch\u00e8ques\u00a0 que de mensualit\u00e9s pr\u00e9vues qui vous seront retourn\u00e9s lors de chacun des r\u00e8glements en esp\u00e8ce.\u00a0<\/p><p>Sans nouvelle de votre part, les ch\u00e8ques seront encaiss\u00e9s aux dates convenues.<\/p><p><strong>Carte bancaire en ligne &#8211; Paiement s\u00e9curis\u00e9 avec Hello Asso<\/strong><\/p><p>Certaines activit\u00e9s peuvent \u00eatre r\u00e9gl\u00e9es en plusieurs fois par carte bancaire, si parmi les options propos\u00e9es dans l&#8217;espace helloasso, aucune ne vous convient, vous pouvez r\u00e9gler \u00e0 l&#8217;inscription, un acompte correspondant au premier versement et r\u00e9gler le reste par ch\u00e8que selon les conditions indiqu\u00e9es plus haut.\u00a0<\/p><p>Si vous avez besoin d&#8217;aide, merci de prendre contact.<\/p><\/div>\n\t\t\t\t<\/div>\n\t\t\t\t\t\t\t<div class=\"elementor-toggle-item\">\n\t\t\t\t\t<div id=\"elementor-tab-title-1125\" class=\"elementor-tab-title\" data-tab=\"5\" role=\"button\" aria-controls=\"elementor-tab-content-1125\" aria-expanded=\"false\">\n\t\t\t\t\t\t\t\t\t\t\t\t<span class=\"elementor-toggle-icon elementor-toggle-icon-left\" aria-hidden=\"true\">\n\t\t\t\t\t\t\t\t\t\t\t\t\t\t\t<span class=\"elementor-toggle-icon-closed\"><i class=\"fas fa-caret-right\"><\/i><\/span>\n\t\t\t\t\t\t\t\t<span class=\"elementor-toggle-icon-opened\"><i class=\"elementor-toggle-icon-opened fas fa-caret-up\"><\/i><\/span>\n\t\t\t\t\t\t\t\t\t\t\t\t\t<\/span>\n\t\t\t\t\t\t\t\t\t\t\t\t<a class=\"elementor-toggle-title\" tabindex=\"0\">Pi\u00e8ces \u00e0 fournir<\/a>\n\t\t\t\t\t<\/div>\n\n\t\t\t\t\t<div id=\"elementor-tab-content-1125\" class=\"elementor-tab-content elementor-clearfix\" data-tab=\"5\" role=\"region\" aria-labelledby=\"elementor-tab-title-1125\"><ul><li style=\"font-weight: 400;\" aria-level=\"1\"><span style=\"font-weight: 400;\">\u00a0la fiche individuelle d\u2019inscription par pratiquant compl\u00e9t\u00e9e\u00a0 soit en ligne soit par papier, elle doit donc \u00eatre sign\u00e9e si format pdf ou papier.<\/span><\/li><li style=\"font-weight: 400;\" aria-level=\"1\"><span style=\"font-weight: 400;\">1 Attestation assurance responsabilit\u00e9 civile<\/span><\/li><li style=\"font-weight: 400;\" aria-level=\"1\"><span style=\"font-weight: 400;\">1 Photo r\u00e9cente<\/span><\/li><li style=\"font-weight: 400;\" aria-level=\"1\"><span style=\"font-weight: 400;\">La totalit\u00e9 du r\u00e8glement<\/span><ul><li style=\"font-weight: 400;\" aria-level=\"2\"><span style=\"font-weight: 400;\">Si r\u00e8glement Pass\u2019Club 32 &#8211; code fourni par le d\u00e9partement &#8211; se renseigner sur <a href=\"https:\/\/mesdemarches.gers.fr\/\" target=\"_blank\" rel=\"noopener\">mesdemarches.gers.fr<\/a><\/span><\/li><li style=\"font-weight: 400;\" aria-level=\"2\"><span style=\"font-weight: 400;\">Si dans l\u2019attente des coupons ANCV (ch\u00e8ques vacances, coupons sports), tickets up sport et loisirs, des justificatifs pour Pass\u2019sport 32 et en cas de r\u00e8glement \u00e9chelonn\u00e9 en esp\u00e8ce<\/span><ul><li style=\"font-weight: 400;\" aria-level=\"3\"><span style=\"font-weight: 400;\">un ch\u00e8que d\u2019un montant \u00e9quivalent qui sera restitu\u00e9 lors de la r\u00e9gularisation du dossier<\/span><\/li><\/ul><\/li><\/ul><\/li><\/ul><\/div>\n\t\t\t\t<\/div>\n\t\t\t\t\t\t\t<div class=\"elementor-toggle-item\">\n\t\t\t\t\t<div id=\"elementor-tab-title-1126\" class=\"elementor-tab-title\" data-tab=\"6\" role=\"button\" aria-controls=\"elementor-tab-content-1126\" aria-expanded=\"false\">\n\t\t\t\t\t\t\t\t\t\t\t\t<span class=\"elementor-toggle-icon elementor-toggle-icon-left\" aria-hidden=\"true\">\n\t\t\t\t\t\t\t\t\t\t\t\t\t\t\t<span class=\"elementor-toggle-icon-closed\"><i class=\"fas fa-caret-right\"><\/i><\/span>\n\t\t\t\t\t\t\t\t<span class=\"elementor-toggle-icon-opened\"><i class=\"elementor-toggle-icon-opened fas fa-caret-up\"><\/i><\/span>\n\t\t\t\t\t\t\t\t\t\t\t\t\t<\/span>\n\t\t\t\t\t\t\t\t\t\t\t\t<a class=\"elementor-toggle-title\" tabindex=\"0\">S\u00e9ances D\u00e9couvertes<\/a>\n\t\t\t\t\t<\/div>\n\n\t\t\t\t\t<div id=\"elementor-tab-content-1126\" class=\"elementor-tab-content elementor-clearfix\" data-tab=\"6\" role=\"region\" aria-labelledby=\"elementor-tab-title-1126\"><p><img fetchpriority=\"high\" decoding=\"async\" class=\"size-large wp-image-5657 aligncenter\" src=\"https:\/\/cirqueetcampagnie.fr\/wp-content\/uploads\/2025\/10\/Seances-decouvertes-10-2025-V1-1-1024x724.png\" alt=\"\" width=\"1024\" height=\"724\" srcset=\"https:\/\/cirqueetcampagnie.fr\/wp-content\/uploads\/2025\/10\/Seances-decouvertes-10-2025-V1-1-1024x724.png 1024w, https:\/\/cirqueetcampagnie.fr\/wp-content\/uploads\/2025\/10\/Seances-decouvertes-10-2025-V1-1-300x212.png 300w, https:\/\/cirqueetcampagnie.fr\/wp-content\/uploads\/2025\/10\/Seances-decouvertes-10-2025-V1-1-768x543.png 768w, https:\/\/cirqueetcampagnie.fr\/wp-content\/uploads\/2025\/10\/Seances-decouvertes-10-2025-V1-1-1536x1086.png 1536w, https:\/\/cirqueetcampagnie.fr\/wp-content\/uploads\/2025\/10\/Seances-decouvertes-10-2025-V1-1-600x424.png 600w, https:\/\/cirqueetcampagnie.fr\/wp-content\/uploads\/2025\/10\/Seances-decouvertes-10-2025-V1-1.png 2000w\" sizes=\"(max-width: 1024px) 100vw, 1024px\" \/><\/p><\/div>\n\t\t\t\t<\/div>\n\t\t\t\t\t\t\t<div class=\"elementor-toggle-item\">\n\t\t\t\t\t<div id=\"elementor-tab-title-1127\" class=\"elementor-tab-title\" data-tab=\"7\" role=\"button\" aria-controls=\"elementor-tab-content-1127\" aria-expanded=\"false\">\n\t\t\t\t\t\t\t\t\t\t\t\t<span class=\"elementor-toggle-icon elementor-toggle-icon-left\" aria-hidden=\"true\">\n\t\t\t\t\t\t\t\t\t\t\t\t\t\t\t<span class=\"elementor-toggle-icon-closed\"><i class=\"fas fa-caret-right\"><\/i><\/span>\n\t\t\t\t\t\t\t\t<span class=\"elementor-toggle-icon-opened\"><i class=\"elementor-toggle-icon-opened fas fa-caret-up\"><\/i><\/span>\n\t\t\t\t\t\t\t\t\t\t\t\t\t<\/span>\n\t\t\t\t\t\t\t\t\t\t\t\t<a class=\"elementor-toggle-title\" tabindex=\"0\">Carte Cadeau<\/a>\n\t\t\t\t\t<\/div>\n\n\t\t\t\t\t<div id=\"elementor-tab-content-1127\" class=\"elementor-tab-content elementor-clearfix\" data-tab=\"7\" role=\"region\" aria-labelledby=\"elementor-tab-title-1127\"><p>Vous avez la possibilit\u00e9 d\u2019offrir un stage ou une activit\u00e9 au montant de choix.<\/p><p>Vous pouvez en faire la demande en prenant contact ou en l\u2019indiquant dans le formulaire de votre choix, rubrique paiement en ligne.\u00a0<\/p><p>Sur la plateforme Hello asso, (cf. inscriptions et modalit\u00e9s) vous choisissez montant libre et vous pr\u00e9ciserez le motif de ce choix.\u00a0 <a href=\"https:\/\/cirqueetcampagnie.fr\/index.php\/activites\/cheque-cadeaux\/\">Lien vers exemple<\/a><\/p><\/div>\n\t\t\t\t<\/div>\n\t\t\t\t\t\t\t\t<\/div>\n\t\t\t\t\t\t<\/div>\n\t\t\t\t<\/div>\n\t\t\t\t\t<\/div>\n\t\t<\/div>\n\t\t\t\t\t<\/div>\n\t\t<\/section>\n\t\t\t\t<\/div>\n\t\t","protected":false},"excerpt":{"rendered":"<p>Modalit\u00e9s d&#8217;inscription 2025-2026 Chaque inscription implique\u00a0 Le respect du r\u00e8glement int\u00e9rieur,\u00a0 L&#8217;adh\u00e9sion \u00e0 Cirque &amp; cAmpagnie\u00a0 pour la saison en cours Une souscription individuelle \u00e0 la licence FFEC (F\u00e9d\u00e9ration fran\u00e7aise des Ecoles de Cirque) cons\u00e9cutives Retrouvez les tarifs dans infos pratiques \u00a0 Une activit\u00e9, un stage vous int\u00e9resse et vous souhaitez vous inscrire : c&#8217;est [&hellip;]<\/p>\n","protected":false},"author":1,"featured_media":0,"parent":160,"menu_order":0,"comment_status":"closed","ping_status":"closed","template":"","meta":{"ocean_post_layout":"","ocean_both_sidebars_style":"","ocean_both_sidebars_content_width":0,"ocean_both_sidebars_sidebars_width":0,"ocean_sidebar":"0","ocean_second_sidebar":"0","ocean_disable_margins":"enable","ocean_add_body_class":"","ocean_shortcode_before_top_bar":"","ocean_shortcode_after_top_bar":"","ocean_shortcode_before_header":"","ocean_shortcode_after_header":"","ocean_has_shortcode":"","ocean_shortcode_after_title":"","ocean_shortcode_before_footer_widgets":"","ocean_shortcode_after_footer_widgets":"","ocean_shortcode_before_footer_bottom":"","ocean_shortcode_after_footer_bottom":"","ocean_display_top_bar":"default","ocean_display_header":"default","ocean_header_style":"","ocean_center_header_left_menu":"0","ocean_custom_header_template":"0","ocean_custom_logo":0,"ocean_custom_retina_logo":0,"ocean_custom_logo_max_width":0,"ocean_custom_logo_tablet_max_width":0,"ocean_custom_logo_mobile_max_width":0,"ocean_custom_logo_max_height":0,"ocean_custom_logo_tablet_max_height":0,"ocean_custom_logo_mobile_max_height":0,"ocean_header_custom_menu":"0","ocean_menu_typo_font_family":"0","ocean_menu_typo_font_subset":"","ocean_menu_typo_font_size":0,"ocean_menu_typo_font_size_tablet":0,"ocean_menu_typo_font_size_mobile":0,"ocean_menu_typo_font_size_unit":"px","ocean_menu_typo_font_weight":"","ocean_menu_typo_font_weight_tablet":"","ocean_menu_typo_font_weight_mobile":"","ocean_menu_typo_transform":"","ocean_menu_typo_transform_tablet":"","ocean_menu_typo_transform_mobile":"","ocean_menu_typo_line_height":0,"ocean_menu_typo_line_height_tablet":0,"ocean_menu_typo_line_height_mobile":0,"ocean_menu_typo_line_height_unit":"","ocean_menu_typo_spacing":0,"ocean_menu_typo_spacing_tablet":0,"ocean_menu_typo_spacing_mobile":0,"ocean_menu_typo_spacing_unit":"","ocean_menu_link_color":"","ocean_menu_link_color_hover":"","ocean_menu_link_color_active":"","ocean_menu_link_background":"","ocean_menu_link_hover_background":"","ocean_menu_link_active_background":"","ocean_menu_social_links_bg":"","ocean_menu_social_hover_links_bg":"","ocean_menu_social_links_color":"","ocean_menu_social_hover_links_color":"","ocean_disable_title":"default","ocean_disable_heading":"default","ocean_post_title":"","ocean_post_subheading":"","ocean_post_title_style":"","ocean_post_title_background_color":"","ocean_post_title_background":0,"ocean_post_title_bg_image_position":"","ocean_post_title_bg_image_attachment":"","ocean_post_title_bg_image_repeat":"","ocean_post_title_bg_image_size":"","ocean_post_title_height":0,"ocean_post_title_bg_overlay":0.5,"ocean_post_title_bg_overlay_color":"","ocean_disable_breadcrumbs":"default","ocean_breadcrumbs_color":"","ocean_breadcrumbs_separator_color":"","ocean_breadcrumbs_links_color":"","ocean_breadcrumbs_links_hover_color":"","ocean_display_footer_widgets":"default","ocean_display_footer_bottom":"default","ocean_custom_footer_template":"0","_mc_calendar":[],"footnotes":""},"class_list":["post-723","page","type-page","status-publish","hentry","entry","owp-thumbs-layout-horizontal","owp-btn-normal","owp-tabs-layout-horizontal","has-no-thumbnails","has-product-nav"],"_links":{"self":[{"href":"https:\/\/cirqueetcampagnie.fr\/index.php\/wp-json\/wp\/v2\/pages\/723","targetHints":{"allow":["GET"]}}],"collection":[{"href":"https:\/\/cirqueetcampagnie.fr\/index.php\/wp-json\/wp\/v2\/pages"}],"about":[{"href":"https:\/\/cirqueetcampagnie.fr\/index.php\/wp-json\/wp\/v2\/types\/page"}],"author":[{"embeddable":true,"href":"https:\/\/cirqueetcampagnie.fr\/index.php\/wp-json\/wp\/v2\/users\/1"}],"replies":[{"embeddable":true,"href":"https:\/\/cirqueetcampagnie.fr\/index.php\/wp-json\/wp\/v2\/comments?post=723"}],"version-history":[{"count":357,"href":"https:\/\/cirqueetcampagnie.fr\/index.php\/wp-json\/wp\/v2\/pages\/723\/revisions"}],"predecessor-version":[{"id":5662,"href":"https:\/\/cirqueetcampagnie.fr\/index.php\/wp-json\/wp\/v2\/pages\/723\/revisions\/5662"}],"up":[{"embeddable":true,"href":"https:\/\/cirqueetcampagnie.fr\/index.php\/wp-json\/wp\/v2\/pages\/160"}],"wp:attachment":[{"href":"https:\/\/cirqueetcampagnie.fr\/index.php\/wp-json\/wp\/v2\/media?parent=723"}],"curies":[{"name":"wp","href":"https:\/\/api.w.org\/{rel}","templated":true}]}}